{"id":1189,"date":"2020-05-12T14:37:45","date_gmt":"2020-05-12T17:37:45","guid":{"rendered":"https:\/\/viviancarvalho.com.br\/?page_id=1189"},"modified":"2022-06-28T17:38:42","modified_gmt":"2022-06-28T20:38:42","slug":"biosseguranca","status":"publish","type":"page","link":"https:\/\/viviancarvalho.com.br\/en\/biosseguranca\/","title":{"rendered":"Biosseguran\u00e7a"},"content":{"rendered":"<p><div class=\"fusion-fullwidth fullwidth-box fusion-builder-row-1 fusion-parallax-none hundred-percent-fullwidth non-hundred-percent-height-scrolling\" style=\"background-color: rgba(255,255,255,0);background-image: url(&quot;https:\/\/viviancarvalho.com.br\/wp-content\/uploads\/2022\/06\/topo-dravivi.jpg&quot;);background-position: center center;background-repeat: no-repeat;padding-top:0px;padding-right:0px;padding-bottom:0px;padding-left:0px;margin-bottom: 0px;margin-top: 0px;border-width: 0px 0px 0px 0px;border-color:#eae9e9;border-style:solid;-webkit-background-size:cover;-moz-background-size:cover;-o-background-size:cover;background-size:cover;\" ><div class=\"fusion-builder-row fusion-row\"><div class=\"fusion-layout-column fusion_builder_column fusion-builder-column-0 fusion_builder_column_1_1 1_1 fusion-one-full fusion-column-first fusion-column-last\" style=\"margin-top:0px;margin-bottom:0px;\"><div class=\"fusion-column-wrapper fusion-flex-column-wrapper-legacy\" style=\"background-position:left top;background-repeat:no-repeat;-webkit-background-size:cover;-moz-background-size:cover;-o-background-size:cover;background-size:cover;padding: 0px 0px 0px 0px;\"><div class=\"fusion-section-separator section-separator paint fusion-section-separator-1\" style=\"margin-top:0px;margin-bottom:0px;\"><div class=\"fusion-section-separator-svg\" style=\"margin-left: 0px;margin-right: 0px;\"><div class=\"fusion-paint-candy-sep fusion-section-separator-svg-bg\" style=\"background-image:url( data:image\/svg+xml;base64,PHN2ZyB4bWxucz0iaHR0cDovL3d3dy53My5vcmcvMjAwMC9zdmciIHZlcnNpb249IjEuMSIgd2lkdGg9IjEwMCUiIHZpZXdCb3g9IjAgMCAxODAzIDgwIiBmaWxsPSJub25lIiBwcmVzZXJ2ZUFzcGVjdFJhdGlvPSJub25lIj48cGF0aCBmaWxsLXJ1bGU9ImV2ZW5vZGQiIGNsaXAtcnVsZT0iZXZlbm9kZCIgZD0iTTAgODBIMTgwM1YyNkMxNzg0LjQxIDI1Ljg5OTYgMTc2Mi42OCA5Ljc1NzE4IDE3MzguOTcgOS41NzA5OUMxNjkzLjI2IDcuMDQ3MzQgMTYyNi42NCA1IDE2MjAgNUMxNjEzLjM2IDUgMTYxOC42OSA2LjM4NjI3IDE2MzUuNDMgOC41NzkzOEMxNTE5LjY5IDcuMjYzMjEgMTM5Ni4zNSA1LjEwNjIzIDEzNTcuOCAyLjAwMDA1QzEyODMuMzMgLTMuOTk5OTUgNjI4Ljk5IDExLjAwMDEgNjEzLjE0NyAxOS4wMDAxQzYxMS4wOTIgMjAuMDM3NCA1OTguNDgxIDE5LjczNDcgNTgxLjc1IDE5LjMzM0M1NjUuNjk4IDE4Ljk0NzcgNTQ1Ljg1NiAxOC40NzE0IDUyNy45MDUgMTkuMDAwMUM0ODQuMjI5IDE3LjQzNTcgMzQzLjMzMiAyNi43IDMzOSAyNy41QzMzNS44OTMgMjguMDczOSAzNTQuNTgzIDI4LjU0MDIgMzc5LjcyMiAyOS4xNjc0QzM4OS42MjUgMjkuNDE0NSA0MDAuNTI5IDI5LjY4NjYgNDExLjQ5NSAzMEMzMDAuMTEyIDMyLjMzNDEgMjMzLjkyMiAyNS4yMTQ5IDIwNC4zODIgMTkuMDAwMUMxNzAuMTYgMTEuODAwMSA1My44NjgyIDE5LjMzMzQgMCAyNi4wMDAxVjgwWk05MzEuOTMyIDE1Qzk4Ni42MzEgMTEuNzgxOCAxMTA1LjgyIDYuMDEzNzMgMTE0NC45NyA4LjY4NzMzQzExNTguMDIgOS41NzgwNCAxMTQ4LjQyIDkuNjgyOTcgMTEyNi41OCA5LjkyMTYxQzExMTMuNTIgMTAuMDY0NCAxMDk2LjA5IDEwLjI1NSAxMDc2LjUgMTAuNjkwMkMxMDU2LjI3IDExLjEzOTcgMTAzMy43NSAxMS45Mzg4IDEwMTEuNCAxMi43MzIxQzk4Mi45NjIgMTMuNzQxMSA5NTQuNzkxIDE0Ljc0MDggOTMxLjkzMiAxNVoiIGZpbGw9IiM0YjRiNGQiLz48L3N2Zz4= );height:80px;transform: rotateX(180deg);\"><\/div><\/div><div class=\"fusion-section-separator-spacer\"><div class=\"fusion-section-separator-spacer-height\" style=\"height:80px;\"><\/div><\/div><style type=\"text\/css\">.fusion-section-separator.fusion-section-separator-1 .fusion-section-separator-svg-bg{background-size:100% 100%;}<\/style><\/div><div class=\"fusion-clearfix\"><\/div><\/div><\/div><div class=\"fusion-layout-column fusion_builder_column fusion-builder-column-1 fusion_builder_column_1_1 1_1 fusion-one-full fusion-column-first fusion-column-last\" style=\"margin-top:100px;margin-bottom:100px;\"><div class=\"fusion-column-wrapper fusion-flex-column-wrapper-legacy\" style=\"background-position:left top;background-repeat:no-repeat;-webkit-background-size:cover;-moz-background-size:cover;-o-background-size:cover;background-size:cover;padding: 0px 0px 0px 0px;\"><div class=\"fusion-text fusion-text-1\" style=\"transform:translate3d(0,0,0);\"><h1 style=\"text-align: center;\"><span style=\"color: #4b4b4d; font-size: 40px;\">BIOSSEGURAN\u00c7A<\/span><\/h1>\n<p style=\"text-align: center;\"><span style=\"color: #4b4b4d;\"><a style=\"color: #4b4b4d;\" href=\"https:\/\/viviancarvalho.com.br\/en\/\">Home<\/a> | Biosseguran\u00e7a<\/span><\/p>\n<\/div><div class=\"fusion-clearfix\"><\/div><\/div><\/div><\/div><\/div><div class=\"fusion-fullwidth fullwidth-box fusion-builder-row-2 nonhundred-percent-fullwidth non-hundred-percent-height-scrolling\" style=\"background-color: rgba(255,255,255,0);background-position: center center;background-repeat: no-repeat;padding-top:0px;padding-right:0px;padding-bottom:0px;padding-left:0px;margin-bottom: 20px;margin-top: 100px;border-width: 0px 0px 0px 0px;border-color:#eae9e9;border-style:solid;\" ><div class=\"fusion-builder-row fusion-row\"><div class=\"fusion-layout-column fusion_builder_column fusion-builder-column-2 fusion_builder_column_1_1 1_1 fusion-one-full fusion-column-first fusion-column-last\" style=\"margin-top:0px;margin-bottom:20px;\"><div class=\"fusion-column-wrapper fusion-flex-column-wrapper-legacy\" style=\"background-position:left top;background-repeat:no-repeat;-webkit-background-size:cover;-moz-background-size:cover;-o-background-size:cover;background-size:cover;padding: 0px 0px 0px 0px;\"><div class=\"fusion-text fusion-text-2\" style=\"transform:translate3d(0,0,0);\"><h1>O que \u00e9 Biosseguran\u00e7a?<\/h1>\n<p>Biosseguran\u00e7a em Odontologia \u00e9 o <strong>conjunto de procedimentos adaptados ao consult\u00f3rio<\/strong> com o objetivo de dar <strong>prote\u00e7\u00e3o e seguran\u00e7a<\/strong> ao paciente, ao dentista e sua equipe. S\u00e3o regras e normas pr\u00e9-estabelecidas que <strong>reduzem os riscos biol\u00f3gicos de contamina\u00e7\u00e3o por doen\u00e7as<\/strong>, uma vez que o profissional fica exposto a material org\u00e2nico, como sangue, saliva, dejetos e aeressol.<\/p>\n<h1>Medidas B\u00e1sicas da Biosseguran\u00e7a<\/h1>\n<p>Biosseguran\u00e7a sempre foi muito levada a s\u00e9rio na pr\u00e1tica di\u00e1ria do consult\u00f3rio odontol\u00f3gico e<b>\u00a0<\/b>a situa\u00e7\u00e3o atual da COVID-19 imp\u00f4s algumas pequenas mudan\u00e7as. Os cuidados com biosseguran\u00e7a se intensificaram e se iniciam j\u00e1 na sala de espera: a remo\u00e7\u00e3o de enfeites; o espa\u00e7amento entre cadeiras de 1 metro por pessoa; dispensadores com preparac\u0327o\u0303es alcoo\u0301licas para a higiene das ma\u0303os (sob as formas gel ou soluc\u0327a\u0303o a 70%) e limpeza e desinfecc\u0327a\u0303o dia\u0301ria das superfi\u0301cies de ambientes utilizados pelos pacientes s\u00e3o exemplos destes cuidados.<\/p>\n<p>Nas salas de atendimento todo o material pass\u00edvel de esteriliza\u00e7\u00e3o \u00e9 adequadamente manipulado e esterilizado em autoclave, como sempre foi. Partes n\u00e3o esteriliz\u00e1veis dos equipamentos e as superf\u00edcies s\u00e3o limpas e desinfectadas com com potentes agentes de acordo com o tipo do material (hipoclorito de so\u0301dio a 1%; quaterna\u0301rio de amo\u0302nio e biguanida; glucoprotamina; alcool 70%; \u00e1cido perace\u0301tico 2%) entre um paciente e outro.<\/p>\n<p>Novos equipamentos de prote\u00e7\u00e3o invidual (EPIs) foram introduzidos: al\u00e9m dos j\u00e1 conhecidos touca, luvas, ma\u0301scara ciru\u0301rgica e protec\u0327\u00f5es de superfi\u0301cies agora entraram em cena o jaleco\/avental impermea\u0301vel descart\u00e1vel de fechamento traseiro, m\u00e1scaras com maior poder de filtragem de got\u00edculas e face shield. Todos devem ser utilizados durante os atendimentos e descartados apo\u0301s cada paciente em lixeira de conteu\u0301do infectante (somente o face shield \u00e9 pass\u00edvel de desinfec\u00e7\u00e3o e reutiliza\u00e7\u00e3o).<\/p>\n<h1>Biosseguran\u00e7a: O Papel Fundamental do Paciente<\/h1>\n<p>No atual momento, se houver necessidade de comparecer ao consult\u00f3rio a visita dever\u00e1 ser adiada se o paciente:<\/p>\n<\/div><ul class=\"fusion-checklist fusion-checklist-1\" style=\"font-size:16px;line-height:27.2px;\"><li class=\"fusion-li-item\"><span style=\"height:27.2px;width:27.2px;margin-right:11.2px;\" class=\"icon-wrapper circle-no\"><i class=\"fusion-li-icon fa-check fas\" style=\"color:#ceab67;\" aria-hidden=\"true\"><\/i><\/span><div class=\"fusion-li-item-content\" style=\"margin-left:38.4px;\">Tiver retornado de viagem internacional ou interestadual h\u00e1 menos de 14 dias;<\/div><\/li><li class=\"fusion-li-item\"><span style=\"height:27.2px;width:27.2px;margin-right:11.2px;\" class=\"icon-wrapper circle-no\"><i class=\"fusion-li-icon fa-check fas\" style=\"color:#ceab67;\" aria-hidden=\"true\"><\/i><\/span><div class=\"fusion-li-item-content\" style=\"margin-left:38.4px;\">Estiver com\/tiver tido h\u00e1 menos de 14 dias sintomas de alguma infecc\u0327a\u0303o respirato\u0301ria (como por exemplo, tosse, coriza, febre, dificuldade para respirar);<\/div><\/li><li class=\"fusion-li-item\"><span style=\"height:27.2px;width:27.2px;margin-right:11.2px;\" class=\"icon-wrapper circle-no\"><i class=\"fusion-li-icon fa-check fas\" style=\"color:#ceab67;\" aria-hidden=\"true\"><\/i><\/span><div class=\"fusion-li-item-content\" style=\"margin-left:38.4px;\">Tiver tido contato com algum caso suspeito ou confirmado de COVID-19 nos \u00faltimos 14 dias.<\/div><\/li><\/ul><div class=\"fusion-text fusion-text-3\" style=\"transform:translate3d(0,0,0);\"><p>Recomenda-se que o paciente evite acompanhantes, sempre que poss\u00edvel. Assim que chegar \u00e0 cl\u00ednica, fa\u00e7a a lavagem das ma\u0303os com a\u0301gua e saba\u0303o por 20 segundos, seque com papel toalha descarta\u0301vel ou fa\u00e7a a desinfecc\u0327a\u0303o das ma\u0303os com a\u0301lcool em gel 70%, deixando secar naturalmente. Apo\u0301s a desinfecc\u0327a\u0303o na\u0303o tocar em mais nada, inclusive o celular, que deve permanecer desligado.<\/p>\n<\/div><div class=\"fusion-clearfix\"><\/div><\/div><\/div><\/div><\/div><\/p>","protected":false},"excerpt":{"rendered":"","protected":false},"author":1,"featured_media":0,"parent":0,"menu_order":0,"comment_status":"closed","ping_status":"closed","template":"100-width.php","meta":[],"yoast_head":"<!-- This site is optimized with the Yoast SEO plugin v19.6.1 - https:\/\/yoast.com\/wordpress\/plugins\/seo\/ -->\n<title>Biosseguran\u00e7a - Vivian Carvalho<\/title>\n<meta name=\"description\" content=\"Biosseguran\u00e7a em Odontologia \u00e9 o conjunto de procedimentos adaptados ao consult\u00f3rio com o objetivo de dar prote\u00e7\u00e3o e seguran\u00e7a ao paciente, ao dentista e sua equipe. S\u00e3o regras e normas pr\u00e9-estabelecidas que reduzem os riscos biol\u00f3gicos de contamina\u00e7\u00e3o por doen\u00e7as, uma vez que o profissional fica exposto a material org\u00e2nico, como sangue, saliva, dejetos e aeressol.\" \/>\n<meta name=\"robots\" content=\"index, follow, max-snippet:-1, max-image-preview:large, max-video-preview:-1\" \/>\n<link rel=\"canonical\" href=\"https:\/\/viviancarvalho.com.br\/en\/biosseguranca\/\" \/>\n<meta property=\"og:locale\" content=\"en_GB\" \/>\n<meta property=\"og:type\" content=\"article\" \/>\n<meta property=\"og:title\" content=\"Biosseguran\u00e7a - Vivian Carvalho\" \/>\n<meta property=\"og:description\" content=\"Biosseguran\u00e7a em Odontologia \u00e9 o conjunto de procedimentos adaptados ao consult\u00f3rio com o objetivo de dar prote\u00e7\u00e3o e seguran\u00e7a ao paciente, ao dentista e sua equipe. S\u00e3o regras e normas pr\u00e9-estabelecidas que reduzem os riscos biol\u00f3gicos de contamina\u00e7\u00e3o por doen\u00e7as, uma vez que o profissional fica exposto a material org\u00e2nico, como sangue, saliva, dejetos e aeressol.\" \/>\n<meta property=\"og:url\" content=\"https:\/\/viviancarvalho.com.br\/en\/biosseguranca\/\" \/>\n<meta property=\"og:site_name\" content=\"Vivian Carvalho\" \/>\n<meta property=\"article:publisher\" content=\"https:\/\/www.facebook.com\/viviancarvalhoorto\" \/>\n<meta property=\"article:modified_time\" content=\"2022-06-28T20:38:42+00:00\" \/>\n<meta name=\"twitter:card\" content=\"summary_large_image\" \/>\n<meta name=\"twitter:label1\" content=\"Estimated reading time\" \/>\n\t<meta name=\"twitter:data1\" content=\"5 minutes\" \/>\n<script type=\"application\/ld+json\" class=\"yoast-schema-graph\">{\"@context\":\"https:\/\/schema.org\",\"@graph\":[{\"@type\":\"WebPage\",\"@id\":\"https:\/\/viviancarvalho.com.br\/biosseguranca\/\",\"url\":\"https:\/\/viviancarvalho.com.br\/biosseguranca\/\",\"name\":\"Biosseguran\u00e7a - Vivian Carvalho\",\"isPartOf\":{\"@id\":\"https:\/\/viviancarvalho.com.br\/#website\"},\"datePublished\":\"2020-05-12T17:37:45+00:00\",\"dateModified\":\"2022-06-28T20:38:42+00:00\",\"description\":\"Biosseguran\u00e7a em Odontologia \u00e9 o conjunto de procedimentos adaptados ao consult\u00f3rio com o objetivo de dar prote\u00e7\u00e3o e seguran\u00e7a ao paciente, ao dentista e sua equipe. S\u00e3o regras e normas pr\u00e9-estabelecidas que reduzem os riscos biol\u00f3gicos de contamina\u00e7\u00e3o por doen\u00e7as, uma vez que o profissional fica exposto a material org\u00e2nico, como sangue, saliva, dejetos e aeressol.\",\"breadcrumb\":{\"@id\":\"https:\/\/viviancarvalho.com.br\/biosseguranca\/#breadcrumb\"},\"inLanguage\":\"en-GB\",\"potentialAction\":[{\"@type\":\"ReadAction\",\"target\":[\"https:\/\/viviancarvalho.com.br\/biosseguranca\/\"]}]},{\"@type\":\"BreadcrumbList\",\"@id\":\"https:\/\/viviancarvalho.com.br\/biosseguranca\/#breadcrumb\",\"itemListElement\":[{\"@type\":\"ListItem\",\"position\":1,\"name\":\"In\u00edcio\",\"item\":\"https:\/\/viviancarvalho.com.br\/\"},{\"@type\":\"ListItem\",\"position\":2,\"name\":\"Biosseguran\u00e7a\"}]},{\"@type\":\"WebSite\",\"@id\":\"https:\/\/viviancarvalho.com.br\/#website\",\"url\":\"https:\/\/viviancarvalho.com.br\/\",\"name\":\"Vivian Carvalho\",\"description\":\"Odontopediatria e Ortodontia\",\"publisher\":{\"@id\":\"https:\/\/viviancarvalho.com.br\/#organization\"},\"potentialAction\":[{\"@type\":\"SearchAction\",\"target\":{\"@type\":\"EntryPoint\",\"urlTemplate\":\"https:\/\/viviancarvalho.com.br\/?s={search_term_string}\"},\"query-input\":\"required name=search_term_string\"}],\"inLanguage\":\"en-GB\"},{\"@type\":\"Organization\",\"@id\":\"https:\/\/viviancarvalho.com.br\/#organization\",\"name\":\"Vivian Carvalho\",\"url\":\"https:\/\/viviancarvalho.com.br\/\",\"sameAs\":[\"https:\/\/instagram.com\/viviancarvalhoorto\/\",\"https:\/\/www.facebook.com\/viviancarvalhoorto\"],\"logo\":{\"@type\":\"ImageObject\",\"inLanguage\":\"en-GB\",\"@id\":\"https:\/\/viviancarvalho.com.br\/#\/schema\/logo\/image\/\",\"url\":\"https:\/\/viviancarvalho.com.br\/wp-content\/uploads\/2019\/09\/logo-vivi.jpg\",\"contentUrl\":\"https:\/\/viviancarvalho.com.br\/wp-content\/uploads\/2019\/09\/logo-vivi.jpg\",\"width\":350,\"height\":207,\"caption\":\"Vivian Carvalho\"},\"image\":{\"@id\":\"https:\/\/viviancarvalho.com.br\/#\/schema\/logo\/image\/\"}}]}<\/script>\n<!-- \/ Yoast SEO plugin. -->","yoast_head_json":{"title":"Biosseguran\u00e7a - Vivian Carvalho","description":"Biosseguran\u00e7a em Odontologia \u00e9 o conjunto de procedimentos adaptados ao consult\u00f3rio com o objetivo de dar prote\u00e7\u00e3o e seguran\u00e7a ao paciente, ao dentista e sua equipe. S\u00e3o regras e normas pr\u00e9-estabelecidas que reduzem os riscos biol\u00f3gicos de contamina\u00e7\u00e3o por doen\u00e7as, uma vez que o profissional fica exposto a material org\u00e2nico, como sangue, saliva, dejetos e aeressol.","robots":{"index":"index","follow":"follow","max-snippet":"max-snippet:-1","max-image-preview":"max-image-preview:large","max-video-preview":"max-video-preview:-1"},"canonical":"https:\/\/viviancarvalho.com.br\/en\/biosseguranca\/","og_locale":"en_GB","og_type":"article","og_title":"Biosseguran\u00e7a - Vivian Carvalho","og_description":"Biosseguran\u00e7a em Odontologia \u00e9 o conjunto de procedimentos adaptados ao consult\u00f3rio com o objetivo de dar prote\u00e7\u00e3o e seguran\u00e7a ao paciente, ao dentista e sua equipe. S\u00e3o regras e normas pr\u00e9-estabelecidas que reduzem os riscos biol\u00f3gicos de contamina\u00e7\u00e3o por doen\u00e7as, uma vez que o profissional fica exposto a material org\u00e2nico, como sangue, saliva, dejetos e aeressol.","og_url":"https:\/\/viviancarvalho.com.br\/en\/biosseguranca\/","og_site_name":"Vivian Carvalho","article_publisher":"https:\/\/www.facebook.com\/viviancarvalhoorto","article_modified_time":"2022-06-28T20:38:42+00:00","twitter_card":"summary_large_image","twitter_misc":{"Estimated reading time":"5 minutes"},"schema":{"@context":"https:\/\/schema.org","@graph":[{"@type":"WebPage","@id":"https:\/\/viviancarvalho.com.br\/biosseguranca\/","url":"https:\/\/viviancarvalho.com.br\/biosseguranca\/","name":"Biosseguran\u00e7a - Vivian Carvalho","isPartOf":{"@id":"https:\/\/viviancarvalho.com.br\/#website"},"datePublished":"2020-05-12T17:37:45+00:00","dateModified":"2022-06-28T20:38:42+00:00","description":"Biosseguran\u00e7a em Odontologia \u00e9 o conjunto de procedimentos adaptados ao consult\u00f3rio com o objetivo de dar prote\u00e7\u00e3o e seguran\u00e7a ao paciente, ao dentista e sua equipe. S\u00e3o regras e normas pr\u00e9-estabelecidas que reduzem os riscos biol\u00f3gicos de contamina\u00e7\u00e3o por doen\u00e7as, uma vez que o profissional fica exposto a material org\u00e2nico, como sangue, saliva, dejetos e aeressol.","breadcrumb":{"@id":"https:\/\/viviancarvalho.com.br\/biosseguranca\/#breadcrumb"},"inLanguage":"en-GB","potentialAction":[{"@type":"ReadAction","target":["https:\/\/viviancarvalho.com.br\/biosseguranca\/"]}]},{"@type":"BreadcrumbList","@id":"https:\/\/viviancarvalho.com.br\/biosseguranca\/#breadcrumb","itemListElement":[{"@type":"ListItem","position":1,"name":"In\u00edcio","item":"https:\/\/viviancarvalho.com.br\/"},{"@type":"ListItem","position":2,"name":"Biosseguran\u00e7a"}]},{"@type":"WebSite","@id":"https:\/\/viviancarvalho.com.br\/#website","url":"https:\/\/viviancarvalho.com.br\/","name":"Vivian Carvalho","description":"Odontopediatria e Ortodontia","publisher":{"@id":"https:\/\/viviancarvalho.com.br\/#organization"},"potentialAction":[{"@type":"SearchAction","target":{"@type":"EntryPoint","urlTemplate":"https:\/\/viviancarvalho.com.br\/?s={search_term_string}"},"query-input":"required name=search_term_string"}],"inLanguage":"en-GB"},{"@type":"Organization","@id":"https:\/\/viviancarvalho.com.br\/#organization","name":"Vivian Carvalho","url":"https:\/\/viviancarvalho.com.br\/","sameAs":["https:\/\/instagram.com\/viviancarvalhoorto\/","https:\/\/www.facebook.com\/viviancarvalhoorto"],"logo":{"@type":"ImageObject","inLanguage":"en-GB","@id":"https:\/\/viviancarvalho.com.br\/#\/schema\/logo\/image\/","url":"https:\/\/viviancarvalho.com.br\/wp-content\/uploads\/2019\/09\/logo-vivi.jpg","contentUrl":"https:\/\/viviancarvalho.com.br\/wp-content\/uploads\/2019\/09\/logo-vivi.jpg","width":350,"height":207,"caption":"Vivian Carvalho"},"image":{"@id":"https:\/\/viviancarvalho.com.br\/#\/schema\/logo\/image\/"}}]}},"_links":{"self":[{"href":"https:\/\/viviancarvalho.com.br\/en\/wp-json\/wp\/v2\/pages\/1189"}],"collection":[{"href":"https:\/\/viviancarvalho.com.br\/en\/wp-json\/wp\/v2\/pages"}],"about":[{"href":"https:\/\/viviancarvalho.com.br\/en\/wp-json\/wp\/v2\/types\/page"}],"author":[{"embeddable":true,"href":"https:\/\/viviancarvalho.com.br\/en\/wp-json\/wp\/v2\/users\/1"}],"replies":[{"embeddable":true,"href":"https:\/\/viviancarvalho.com.br\/en\/wp-json\/wp\/v2\/comments?post=1189"}],"version-history":[{"count":11,"href":"https:\/\/viviancarvalho.com.br\/en\/wp-json\/wp\/v2\/pages\/1189\/revisions"}],"predecessor-version":[{"id":1748,"href":"https:\/\/viviancarvalho.com.br\/en\/wp-json\/wp\/v2\/pages\/1189\/revisions\/1748"}],"wp:attachment":[{"href":"https:\/\/viviancarvalho.com.br\/en\/wp-json\/wp\/v2\/media?parent=1189"}],"curies":[{"name":"wp","href":"https:\/\/api.w.org\/{rel}","templated":true}]}}