{"id":711,"date":"2019-10-14T12:24:17","date_gmt":"2019-10-14T15:24:17","guid":{"rendered":"https:\/\/viviancarvalho.com.br\/?page_id=711"},"modified":"2022-06-28T17:36:45","modified_gmt":"2022-06-28T20:36:45","slug":"tratamentos-infantis","status":"publish","type":"page","link":"https:\/\/viviancarvalho.com.br\/en\/tratamentos-infantis\/","title":{"rendered":"Tratamentos Infantis"},"content":{"rendered":"<p><div class=\"fusion-fullwidth fullwidth-box fusion-builder-row-1 fusion-parallax-none hundred-percent-fullwidth non-hundred-percent-height-scrolling\" style=\"background-color: rgba(255,255,255,0);background-image: url(&quot;https:\/\/viviancarvalho.com.br\/wp-content\/uploads\/2022\/06\/topo-odontopediatria.jpg&quot;);background-position: center center;background-repeat: no-repeat;padding-top:0px;padding-right:0px;padding-bottom:0px;padding-left:0px;margin-bottom: 0px;margin-top: 0px;border-width: 0px 0px 0px 0px;border-color:#eae9e9;border-style:solid;-webkit-background-size:cover;-moz-background-size:cover;-o-background-size:cover;background-size:cover;\" ><div class=\"fusion-builder-row fusion-row\"><div class=\"fusion-layout-column fusion_builder_column fusion-builder-column-0 fusion_builder_column_1_1 1_1 fusion-one-full fusion-column-first fusion-column-last\" style=\"margin-top:0px;margin-bottom:0px;\"><div class=\"fusion-column-wrapper fusion-flex-column-wrapper-legacy\" style=\"background-position:left top;background-repeat:no-repeat;-webkit-background-size:cover;-moz-background-size:cover;-o-background-size:cover;background-size:cover;padding: 0px 0px 0px 0px;\"><div class=\"fusion-section-separator section-separator paint fusion-section-separator-1\" style=\"margin-top:0px;margin-bottom:0px;\"><div class=\"fusion-section-separator-svg\" style=\"margin-left: 0px;margin-right: 0px;\"><div class=\"fusion-paint-candy-sep fusion-section-separator-svg-bg\" style=\"background-image:url( data:image\/svg+xml;base64,PHN2ZyB4bWxucz0iaHR0cDovL3d3dy53My5vcmcvMjAwMC9zdmciIHZlcnNpb249IjEuMSIgd2lkdGg9IjEwMCUiIHZpZXdCb3g9IjAgMCAxODAzIDgwIiBmaWxsPSJub25lIiBwcmVzZXJ2ZUFzcGVjdFJhdGlvPSJub25lIj48cGF0aCBmaWxsLXJ1bGU9ImV2ZW5vZGQiIGNsaXAtcnVsZT0iZXZlbm9kZCIgZD0iTTAgODBIMTgwM1YyNkMxNzg0LjQxIDI1Ljg5OTYgMTc2Mi42OCA5Ljc1NzE4IDE3MzguOTcgOS41NzA5OUMxNjkzLjI2IDcuMDQ3MzQgMTYyNi42NCA1IDE2MjAgNUMxNjEzLjM2IDUgMTYxOC42OSA2LjM4NjI3IDE2MzUuNDMgOC41NzkzOEMxNTE5LjY5IDcuMjYzMjEgMTM5Ni4zNSA1LjEwNjIzIDEzNTcuOCAyLjAwMDA1QzEyODMuMzMgLTMuOTk5OTUgNjI4Ljk5IDExLjAwMDEgNjEzLjE0NyAxOS4wMDAxQzYxMS4wOTIgMjAuMDM3NCA1OTguNDgxIDE5LjczNDcgNTgxLjc1IDE5LjMzM0M1NjUuNjk4IDE4Ljk0NzcgNTQ1Ljg1NiAxOC40NzE0IDUyNy45MDUgMTkuMDAwMUM0ODQuMjI5IDE3LjQzNTcgMzQzLjMzMiAyNi43IDMzOSAyNy41QzMzNS44OTMgMjguMDczOSAzNTQuNTgzIDI4LjU0MDIgMzc5LjcyMiAyOS4xNjc0QzM4OS42MjUgMjkuNDE0NSA0MDAuNTI5IDI5LjY4NjYgNDExLjQ5NSAzMEMzMDAuMTEyIDMyLjMzNDEgMjMzLjkyMiAyNS4yMTQ5IDIwNC4zODIgMTkuMDAwMUMxNzAuMTYgMTEuODAwMSA1My44NjgyIDE5LjMzMzQgMCAyNi4wMDAxVjgwWk05MzEuOTMyIDE1Qzk4Ni42MzEgMTEuNzgxOCAxMTA1LjgyIDYuMDEzNzMgMTE0NC45NyA4LjY4NzMzQzExNTguMDIgOS41NzgwNCAxMTQ4LjQyIDkuNjgyOTcgMTEyNi41OCA5LjkyMTYxQzExMTMuNTIgMTAuMDY0NCAxMDk2LjA5IDEwLjI1NSAxMDc2LjUgMTAuNjkwMkMxMDU2LjI3IDExLjEzOTcgMTAzMy43NSAxMS45Mzg4IDEwMTEuNCAxMi43MzIxQzk4Mi45NjIgMTMuNzQxMSA5NTQuNzkxIDE0Ljc0MDggOTMxLjkzMiAxNVoiIGZpbGw9IiM0YjRiNGQiLz48L3N2Zz4= );height:80px;transform: rotateX(180deg);\"><\/div><\/div><div class=\"fusion-section-separator-spacer\"><div class=\"fusion-section-separator-spacer-height\" style=\"height:80px;\"><\/div><\/div><style type=\"text\/css\">.fusion-section-separator.fusion-section-separator-1 .fusion-section-separator-svg-bg{background-size:100% 100%;}<\/style><\/div><div class=\"fusion-clearfix\"><\/div><\/div><\/div><div class=\"fusion-layout-column fusion_builder_column fusion-builder-column-1 fusion_builder_column_1_1 1_1 fusion-one-full fusion-column-first fusion-column-last\" style=\"margin-top:100px;margin-bottom:100px;\"><div class=\"fusion-column-wrapper fusion-flex-column-wrapper-legacy\" style=\"background-position:left top;background-repeat:no-repeat;-webkit-background-size:cover;-moz-background-size:cover;-o-background-size:cover;background-size:cover;padding: 0px 0px 0px 0px;\"><div class=\"fusion-text fusion-text-1\" style=\"transform:translate3d(0,0,0);\"><h1 style=\"text-align: center;\"><span style=\"color: #4b4b4d; font-size: 40px;\">TRATAMENTOS INFANTIS<\/span><\/h1>\n<p style=\"text-align: center;\"><span style=\"color: #4b4b4d;\"><a style=\"color: #4b4b4d;\" href=\"https:\/\/viviancarvalho.com.br\/en\/\">Home<\/a> | Tratamentos infantis<\/span><\/p>\n<\/div><div class=\"fusion-clearfix\"><\/div><\/div><\/div><\/div><\/div><div class=\"fusion-fullwidth fullwidth-box fusion-builder-row-2 nonhundred-percent-fullwidth non-hundred-percent-height-scrolling\" style=\"background-color: rgba(255,255,255,0);background-position: center center;background-repeat: no-repeat;padding-top:90px;padding-right:0px;padding-bottom:90px;padding-left:0px;margin-bottom: 0px;margin-top: 0px;border-width: 0px 0px 0px 0px;border-color:#eae9e9;border-style:solid;\" ><div class=\"fusion-builder-row fusion-row\"><div class=\"fusion-layout-column fusion_builder_column fusion-builder-column-2 fusion_builder_column_2_3 2_3 fusion-two-third fusion-column-first\" style=\"width:66.666666666667%;width:calc(66.666666666667% - ( ( 4% ) * 0.66666666666667 ) );margin-right: 4%;margin-top:2%;margin-bottom:2%;\"><div class=\"fusion-column-wrapper fusion-flex-column-wrapper-legacy\" style=\"background-position:left top;background-repeat:no-repeat;-webkit-background-size:cover;-moz-background-size:cover;-o-background-size:cover;background-size:cover;padding: 0px 0px 0px 0px;\"><div class=\"fusion-text fusion-text-2\" style=\"transform:translate3d(0,0,0);\"><p>Ortodontia e odontopediatria s\u00e3o especialidades intimamente ligadas; um bom odontopediatra precisa ter um bom conhecimento sobre o desenvolvimento da denti\u00e7\u00e3o e da oclus\u00e3o e sobre quando deve ou -principalmente- n\u00e3o intervir nos dentes em desenvolvimento dos pequeninos.<\/p>\n<p>Hoje sabemos que o grande medo que as pessoas t\u00eam de enfrentar a cadeira do dentista \u00e9 devido \u00e0s experi\u00eancias negativas que tiveram quando crian\u00e7as. Por esse motivo, o trabalho do odontopediatra \u00e9 t\u00e3o importante.<\/p>\n<\/div><div class=\"fusion-sep-clear\"><\/div><div class=\"fusion-separator fusion-full-width-sep\" style=\"margin-left: auto;margin-right: auto;margin-top:20px;margin-bottom:20px;width:100%;\"><\/div><div class=\"fusion-sep-clear\"><\/div><style type='text\/css'>.reading-box-container-1 .element-bottomshadow:before,.reading-box-container-1 .element-bottomshadow:after{opacity:0.70;}<\/style><div class=\"fusion-reading-box-container reading-box-container-1\" style=\"margin-top:0px;margin-bottom:84px;\"><div class=\"reading-box\" style=\"background-color:#4b4b4d;border-width:0px;border-color:#f6f6f6;border-left-width:3px;border-left-color:var(--primary_color);border-style:solid;\"><div class=\"reading-box-additional\">\n<div class=\"reading-box-description fusion-reading-box-additional\"><strong><span style=\"color: #ffffff;\">A primeira consulta da crian\u00e7a com o odontopediatra deve acontecer com a erup\u00e7\u00e3o do primeiro dente ou, no mais tardar, ao completar o primeiro ano de vida.<\/span><\/strong><\/div>\n<\/div><div class=\"fusion-clearfix\"><\/div><\/div><\/div><div class=\"fusion-text fusion-text-3\" style=\"transform:translate3d(0,0,0);\"><p style=\"text-align: left; margin-top: 0px;\">A crian\u00e7a n\u00e3o \u00e9 um adulto pequeno e tem quest\u00f5es espec\u00edficas que somente um especialista \u00e9 capaz de endere\u00e7ar plenamente. Verificar a necessidade do uso de selantes nos dentes para a preven\u00e7\u00e3o de c\u00e1ries, auxiliar no abandono da chupeta ou dedo com aparelhos pr\u00f3prios para tal e ensinar a crian\u00e7a e os respons\u00e1veis escovar corretamente os dentes s\u00e3o alguns exemplos do que a odontopediatria tem a oferecer com tranquilidade para as crian\u00e7as.<\/p>\n<\/div><div class=\"fusion-sep-clear\"><\/div><div class=\"fusion-separator fusion-full-width-sep\" style=\"margin-left: auto;margin-right: auto;margin-top:20px;margin-bottom:20px;width:100%;\"><\/div><div class=\"fusion-sep-clear\"><\/div><style type='text\/css'>.reading-box-container-2 .element-bottomshadow:before,.reading-box-container-2 .element-bottomshadow:after{opacity:0.70;}<\/style><div class=\"fusion-reading-box-container reading-box-container-2\" style=\"margin-top:0px;margin-bottom:84px;\"><div class=\"reading-box\" style=\"background-color:#ceac66;border-width:0px;border-color:#f6f6f6;border-left-width:3px;border-left-color:var(--primary_color);border-style:solid;\"><div class=\"reading-box-additional\">\n<p><span style=\"color: #000000;\"><strong>Por volta dos 6 anos de idade deve ser feita a primeira consulta com o ortodontista para a avalia\u00e7\u00e3o da oclus\u00e3o em desenvolvimento pois \u00e9 geralmente quando os primeiros molares permanentes nascem. Se constatada necessidade, inicia-se o tratamento ortod\u00f4ntico interceptativo.<\/strong><\/span><\/p>\n<\/div><div class=\"fusion-clearfix\"><\/div><\/div><\/div><div class=\"fusion-text fusion-text-4\" style=\"transform:translate3d(0,0,0);\"><p>Os problemas no desenvolvimento da face e nas trocas dent\u00e1rias t\u00eam melhor solu\u00e7\u00e3o quando abordados ainda na fase de crescimento.<\/p>\n<p>Os <b>tratamentos de Ortodontia infantil<\/b> previnem e corrigem a posi\u00e7\u00e3o dos dentes (de leite e permanentes) e direcionam o crescimento dos ossos da face. Para isso, s\u00e3o utilizados diversos tipos de <b>aparelhos<\/b> <b>fixos, m\u00f3veis ou at\u00e9 Invisalign<\/b>, em <b>crian\u00e7as<\/b> de 6 at\u00e9 12 anos aproximadamente.<\/p>\n<p>As <b>crian\u00e7as<\/b> com h\u00e1bito de suc\u00e7\u00e3o de <b>chupeta <\/b>ou dedos tamb\u00e9m devem consultar um <b>ortodontista <\/b>o quanto antes. A apar\u00eancia do sorriso interfere na autoconfian\u00e7a e forma\u00e7\u00e3o da personalidade da crian\u00e7a.<\/p>\n<p>Estimule seu filho(a) a desenvolver bons h\u00e1bitos de sa\u00fade bucal!<\/p>\n<\/div><div class=\"fusion-clearfix\"><\/div><\/div><\/div><div class=\"fusion-layout-column fusion_builder_column fusion-builder-column-3 fusion_builder_column_1_3 1_3 fusion-one-third fusion-column-last\" style=\"width:33.333333333333%;width:calc(33.333333333333% - ( ( 4% ) * 0.33333333333333 ) );margin-top:2%;margin-bottom:2%;\"><div class=\"fusion-column-wrapper fusion-flex-column-wrapper-legacy\" style=\"background-position:left top;background-repeat:no-repeat;-webkit-background-size:cover;-moz-background-size:cover;-o-background-size:cover;background-size:cover;padding: 0px 0px 0px 0px;\"><div class=\"imageframe-align-center\"><span class=\"fusion-imageframe imageframe-none imageframe-1 hover-type-none\" style=\"border-radius:15px;\"><a href=\"https:\/\/viviancarvalho.com.br\/wp-content\/uploads\/2020\/03\/foto-004.jpg\" class=\"fusion-lightbox\" data-rel=\"iLightbox[11bf6d05ffcb8146a41]\" title=\"foto-010\"><img width=\"750\" height=\"1000\" src=\"https:\/\/viviancarvalho.com.br\/wp-content\/uploads\/2020\/03\/foto-010.jpg\" class=\"img-responsive wp-image-1115\" srcset=\"https:\/\/viviancarvalho.com.br\/wp-content\/uploads\/2020\/03\/foto-010-200x267.jpg 200w, https:\/\/viviancarvalho.com.br\/wp-content\/uploads\/2020\/03\/foto-010-400x533.jpg 400w, https:\/\/viviancarvalho.com.br\/wp-content\/uploads\/2020\/03\/foto-010-600x800.jpg 600w, https:\/\/viviancarvalho.com.br\/wp-content\/uploads\/2020\/03\/foto-010.jpg 750w\" sizes=\"(max-width: 800px) 100vw, 400px\" \/><\/a><\/span><\/div><div class=\"fusion-clearfix\"><\/div><\/div><\/div><\/div><\/div><\/p>","protected":false},"excerpt":{"rendered":"","protected":false},"author":1,"featured_media":0,"parent":0,"menu_order":0,"comment_status":"closed","ping_status":"closed","template":"100-width.php","meta":[],"yoast_head":"<!-- This site is optimized with the Yoast SEO plugin v19.6.1 - https:\/\/yoast.com\/wordpress\/plugins\/seo\/ -->\n<title>Tratamentos Infantis - Vivian Carvalho<\/title>\n<meta name=\"description\" content=\"A primeira consulta da crian\u00e7a com o odontopediatra deve acontecer com a erup\u00e7\u00e3o do primeiro dente ou, no mais tardar, ao completar o primeiro aninho de vida.\" \/>\n<meta name=\"robots\" content=\"index, follow, max-snippet:-1, max-image-preview:large, max-video-preview:-1\" \/>\n<link rel=\"canonical\" href=\"https:\/\/viviancarvalho.com.br\/en\/tratamentos-infantis\/\" \/>\n<meta property=\"og:locale\" content=\"en_GB\" \/>\n<meta property=\"og:type\" content=\"article\" \/>\n<meta property=\"og:title\" content=\"Tratamentos Infantis - Vivian Carvalho\" \/>\n<meta property=\"og:description\" content=\"A primeira consulta da crian\u00e7a com o odontopediatra deve acontecer com a erup\u00e7\u00e3o do primeiro dente ou, no mais tardar, ao completar o primeiro aninho de vida.\" \/>\n<meta property=\"og:url\" content=\"https:\/\/viviancarvalho.com.br\/en\/tratamentos-infantis\/\" \/>\n<meta property=\"og:site_name\" content=\"Vivian Carvalho\" \/>\n<meta property=\"article:publisher\" content=\"https:\/\/www.facebook.com\/viviancarvalhoorto\" \/>\n<meta property=\"article:modified_time\" content=\"2022-06-28T20:36:45+00:00\" \/>\n<meta name=\"twitter:card\" content=\"summary_large_image\" \/>\n<meta name=\"twitter:label1\" content=\"Estimated reading time\" \/>\n\t<meta name=\"twitter:data1\" content=\"8 minutes\" \/>\n<script type=\"application\/ld+json\" class=\"yoast-schema-graph\">{\"@context\":\"https:\/\/schema.org\",\"@graph\":[{\"@type\":\"WebPage\",\"@id\":\"https:\/\/viviancarvalho.com.br\/tratamentos-infantis\/\",\"url\":\"https:\/\/viviancarvalho.com.br\/tratamentos-infantis\/\",\"name\":\"Tratamentos Infantis - Vivian Carvalho\",\"isPartOf\":{\"@id\":\"https:\/\/viviancarvalho.com.br\/#website\"},\"datePublished\":\"2019-10-14T15:24:17+00:00\",\"dateModified\":\"2022-06-28T20:36:45+00:00\",\"description\":\"A primeira consulta da crian\u00e7a com o odontopediatra deve acontecer com a erup\u00e7\u00e3o do primeiro dente ou, no mais tardar, ao completar o primeiro aninho de vida.\",\"breadcrumb\":{\"@id\":\"https:\/\/viviancarvalho.com.br\/tratamentos-infantis\/#breadcrumb\"},\"inLanguage\":\"en-GB\",\"potentialAction\":[{\"@type\":\"ReadAction\",\"target\":[\"https:\/\/viviancarvalho.com.br\/tratamentos-infantis\/\"]}]},{\"@type\":\"BreadcrumbList\",\"@id\":\"https:\/\/viviancarvalho.com.br\/tratamentos-infantis\/#breadcrumb\",\"itemListElement\":[{\"@type\":\"ListItem\",\"position\":1,\"name\":\"In\u00edcio\",\"item\":\"https:\/\/viviancarvalho.com.br\/\"},{\"@type\":\"ListItem\",\"position\":2,\"name\":\"Tratamentos Infantis\"}]},{\"@type\":\"WebSite\",\"@id\":\"https:\/\/viviancarvalho.com.br\/#website\",\"url\":\"https:\/\/viviancarvalho.com.br\/\",\"name\":\"Vivian Carvalho\",\"description\":\"Odontopediatria e Ortodontia\",\"publisher\":{\"@id\":\"https:\/\/viviancarvalho.com.br\/#organization\"},\"potentialAction\":[{\"@type\":\"SearchAction\",\"target\":{\"@type\":\"EntryPoint\",\"urlTemplate\":\"https:\/\/viviancarvalho.com.br\/?s={search_term_string}\"},\"query-input\":\"required name=search_term_string\"}],\"inLanguage\":\"en-GB\"},{\"@type\":\"Organization\",\"@id\":\"https:\/\/viviancarvalho.com.br\/#organization\",\"name\":\"Vivian Carvalho\",\"url\":\"https:\/\/viviancarvalho.com.br\/\",\"sameAs\":[\"https:\/\/instagram.com\/viviancarvalhoorto\/\",\"https:\/\/www.facebook.com\/viviancarvalhoorto\"],\"logo\":{\"@type\":\"ImageObject\",\"inLanguage\":\"en-GB\",\"@id\":\"https:\/\/viviancarvalho.com.br\/#\/schema\/logo\/image\/\",\"url\":\"https:\/\/viviancarvalho.com.br\/wp-content\/uploads\/2019\/09\/logo-vivi.jpg\",\"contentUrl\":\"https:\/\/viviancarvalho.com.br\/wp-content\/uploads\/2019\/09\/logo-vivi.jpg\",\"width\":350,\"height\":207,\"caption\":\"Vivian Carvalho\"},\"image\":{\"@id\":\"https:\/\/viviancarvalho.com.br\/#\/schema\/logo\/image\/\"}}]}<\/script>\n<!-- \/ Yoast SEO plugin. -->","yoast_head_json":{"title":"Tratamentos Infantis - Vivian Carvalho","description":"A primeira consulta da crian\u00e7a com o odontopediatra deve acontecer com a erup\u00e7\u00e3o do primeiro dente ou, no mais tardar, ao completar o primeiro aninho de vida.","robots":{"index":"index","follow":"follow","max-snippet":"max-snippet:-1","max-image-preview":"max-image-preview:large","max-video-preview":"max-video-preview:-1"},"canonical":"https:\/\/viviancarvalho.com.br\/en\/tratamentos-infantis\/","og_locale":"en_GB","og_type":"article","og_title":"Tratamentos Infantis - Vivian Carvalho","og_description":"A primeira consulta da crian\u00e7a com o odontopediatra deve acontecer com a erup\u00e7\u00e3o do primeiro dente ou, no mais tardar, ao completar o primeiro aninho de vida.","og_url":"https:\/\/viviancarvalho.com.br\/en\/tratamentos-infantis\/","og_site_name":"Vivian Carvalho","article_publisher":"https:\/\/www.facebook.com\/viviancarvalhoorto","article_modified_time":"2022-06-28T20:36:45+00:00","twitter_card":"summary_large_image","twitter_misc":{"Estimated reading time":"8 minutes"},"schema":{"@context":"https:\/\/schema.org","@graph":[{"@type":"WebPage","@id":"https:\/\/viviancarvalho.com.br\/tratamentos-infantis\/","url":"https:\/\/viviancarvalho.com.br\/tratamentos-infantis\/","name":"Tratamentos Infantis - Vivian Carvalho","isPartOf":{"@id":"https:\/\/viviancarvalho.com.br\/#website"},"datePublished":"2019-10-14T15:24:17+00:00","dateModified":"2022-06-28T20:36:45+00:00","description":"A primeira consulta da crian\u00e7a com o odontopediatra deve acontecer com a erup\u00e7\u00e3o do primeiro dente ou, no mais tardar, ao completar o primeiro aninho de vida.","breadcrumb":{"@id":"https:\/\/viviancarvalho.com.br\/tratamentos-infantis\/#breadcrumb"},"inLanguage":"en-GB","potentialAction":[{"@type":"ReadAction","target":["https:\/\/viviancarvalho.com.br\/tratamentos-infantis\/"]}]},{"@type":"BreadcrumbList","@id":"https:\/\/viviancarvalho.com.br\/tratamentos-infantis\/#breadcrumb","itemListElement":[{"@type":"ListItem","position":1,"name":"In\u00edcio","item":"https:\/\/viviancarvalho.com.br\/"},{"@type":"ListItem","position":2,"name":"Tratamentos Infantis"}]},{"@type":"WebSite","@id":"https:\/\/viviancarvalho.com.br\/#website","url":"https:\/\/viviancarvalho.com.br\/","name":"Vivian Carvalho","description":"Odontopediatria e Ortodontia","publisher":{"@id":"https:\/\/viviancarvalho.com.br\/#organization"},"potentialAction":[{"@type":"SearchAction","target":{"@type":"EntryPoint","urlTemplate":"https:\/\/viviancarvalho.com.br\/?s={search_term_string}"},"query-input":"required name=search_term_string"}],"inLanguage":"en-GB"},{"@type":"Organization","@id":"https:\/\/viviancarvalho.com.br\/#organization","name":"Vivian Carvalho","url":"https:\/\/viviancarvalho.com.br\/","sameAs":["https:\/\/instagram.com\/viviancarvalhoorto\/","https:\/\/www.facebook.com\/viviancarvalhoorto"],"logo":{"@type":"ImageObject","inLanguage":"en-GB","@id":"https:\/\/viviancarvalho.com.br\/#\/schema\/logo\/image\/","url":"https:\/\/viviancarvalho.com.br\/wp-content\/uploads\/2019\/09\/logo-vivi.jpg","contentUrl":"https:\/\/viviancarvalho.com.br\/wp-content\/uploads\/2019\/09\/logo-vivi.jpg","width":350,"height":207,"caption":"Vivian Carvalho"},"image":{"@id":"https:\/\/viviancarvalho.com.br\/#\/schema\/logo\/image\/"}}]}},"_links":{"self":[{"href":"https:\/\/viviancarvalho.com.br\/en\/wp-json\/wp\/v2\/pages\/711"}],"collection":[{"href":"https:\/\/viviancarvalho.com.br\/en\/wp-json\/wp\/v2\/pages"}],"about":[{"href":"https:\/\/viviancarvalho.com.br\/en\/wp-json\/wp\/v2\/types\/page"}],"author":[{"embeddable":true,"href":"https:\/\/viviancarvalho.com.br\/en\/wp-json\/wp\/v2\/users\/1"}],"replies":[{"embeddable":true,"href":"https:\/\/viviancarvalho.com.br\/en\/wp-json\/wp\/v2\/comments?post=711"}],"version-history":[{"count":28,"href":"https:\/\/viviancarvalho.com.br\/en\/wp-json\/wp\/v2\/pages\/711\/revisions"}],"predecessor-version":[{"id":1745,"href":"https:\/\/viviancarvalho.com.br\/en\/wp-json\/wp\/v2\/pages\/711\/revisions\/1745"}],"wp:attachment":[{"href":"https:\/\/viviancarvalho.com.br\/en\/wp-json\/wp\/v2\/media?parent=711"}],"curies":[{"name":"wp","href":"https:\/\/api.w.org\/{rel}","templated":true}]}}