{"id":716,"date":"2019-10-14T12:27:34","date_gmt":"2019-10-14T15:27:34","guid":{"rendered":"https:\/\/viviancarvalho.com.br\/?page_id=716"},"modified":"2022-06-28T17:37:45","modified_gmt":"2022-06-28T20:37:45","slug":"consultorios","status":"publish","type":"page","link":"https:\/\/viviancarvalho.com.br\/en\/consultorios\/","title":{"rendered":"Consult\u00f3rios"},"content":{"rendered":"<p><div class=\"fusion-fullwidth fullwidth-box fusion-builder-row-1 fusion-parallax-none hundred-percent-fullwidth non-hundred-percent-height-scrolling\" style=\"background-color: rgba(255,255,255,0);background-image: url(&quot;https:\/\/viviancarvalho.com.br\/wp-content\/uploads\/2022\/06\/topo-dravivi.jpg&quot;);background-position: center center;background-repeat: no-repeat;padding-top:0px;padding-right:0px;padding-bottom:0px;padding-left:0px;margin-bottom: 0px;margin-top: 0px;border-width: 0px 0px 0px 0px;border-color:#eae9e9;border-style:solid;-webkit-background-size:cover;-moz-background-size:cover;-o-background-size:cover;background-size:cover;\" ><div class=\"fusion-builder-row fusion-row\"><div class=\"fusion-layout-column fusion_builder_column fusion-builder-column-0 fusion_builder_column_1_1 1_1 fusion-one-full fusion-column-first fusion-column-last\" style=\"margin-top:0px;margin-bottom:0px;\"><div class=\"fusion-column-wrapper fusion-flex-column-wrapper-legacy\" style=\"background-position:left top;background-repeat:no-repeat;-webkit-background-size:cover;-moz-background-size:cover;-o-background-size:cover;background-size:cover;padding: 0px 0px 0px 0px;\"><div class=\"fusion-section-separator section-separator paint fusion-section-separator-1\" style=\"margin-top:0px;margin-bottom:0px;\"><div class=\"fusion-section-separator-svg\" style=\"margin-left: 0px;margin-right: 0px;\"><div class=\"fusion-paint-candy-sep fusion-section-separator-svg-bg\" style=\"background-image:url( data:image\/svg+xml;base64,PHN2ZyB4bWxucz0iaHR0cDovL3d3dy53My5vcmcvMjAwMC9zdmciIHZlcnNpb249IjEuMSIgd2lkdGg9IjEwMCUiIHZpZXdCb3g9IjAgMCAxODAzIDgwIiBmaWxsPSJub25lIiBwcmVzZXJ2ZUFzcGVjdFJhdGlvPSJub25lIj48cGF0aCBmaWxsLXJ1bGU9ImV2ZW5vZGQiIGNsaXAtcnVsZT0iZXZlbm9kZCIgZD0iTTAgODBIMTgwM1YyNkMxNzg0LjQxIDI1Ljg5OTYgMTc2Mi42OCA5Ljc1NzE4IDE3MzguOTcgOS41NzA5OUMxNjkzLjI2IDcuMDQ3MzQgMTYyNi42NCA1IDE2MjAgNUMxNjEzLjM2IDUgMTYxOC42OSA2LjM4NjI3IDE2MzUuNDMgOC41NzkzOEMxNTE5LjY5IDcuMjYzMjEgMTM5Ni4zNSA1LjEwNjIzIDEzNTcuOCAyLjAwMDA1QzEyODMuMzMgLTMuOTk5OTUgNjI4Ljk5IDExLjAwMDEgNjEzLjE0NyAxOS4wMDAxQzYxMS4wOTIgMjAuMDM3NCA1OTguNDgxIDE5LjczNDcgNTgxLjc1IDE5LjMzM0M1NjUuNjk4IDE4Ljk0NzcgNTQ1Ljg1NiAxOC40NzE0IDUyNy45MDUgMTkuMDAwMUM0ODQuMjI5IDE3LjQzNTcgMzQzLjMzMiAyNi43IDMzOSAyNy41QzMzNS44OTMgMjguMDczOSAzNTQuNTgzIDI4LjU0MDIgMzc5LjcyMiAyOS4xNjc0QzM4OS42MjUgMjkuNDE0NSA0MDAuNTI5IDI5LjY4NjYgNDExLjQ5NSAzMEMzMDAuMTEyIDMyLjMzNDEgMjMzLjkyMiAyNS4yMTQ5IDIwNC4zODIgMTkuMDAwMUMxNzAuMTYgMTEuODAwMSA1My44NjgyIDE5LjMzMzQgMCAyNi4wMDAxVjgwWk05MzEuOTMyIDE1Qzk4Ni42MzEgMTEuNzgxOCAxMTA1LjgyIDYuMDEzNzMgMTE0NC45NyA4LjY4NzMzQzExNTguMDIgOS41NzgwNCAxMTQ4LjQyIDkuNjgyOTcgMTEyNi41OCA5LjkyMTYxQzExMTMuNTIgMTAuMDY0NCAxMDk2LjA5IDEwLjI1NSAxMDc2LjUgMTAuNjkwMkMxMDU2LjI3IDExLjEzOTcgMTAzMy43NSAxMS45Mzg4IDEwMTEuNCAxMi43MzIxQzk4Mi45NjIgMTMuNzQxMSA5NTQuNzkxIDE0Ljc0MDggOTMxLjkzMiAxNVoiIGZpbGw9IiM0YjRiNGQiLz48L3N2Zz4= );height:80px;transform: rotateX(180deg);\"><\/div><\/div><div class=\"fusion-section-separator-spacer\"><div class=\"fusion-section-separator-spacer-height\" style=\"height:80px;\"><\/div><\/div><style type=\"text\/css\">.fusion-section-separator.fusion-section-separator-1 .fusion-section-separator-svg-bg{background-size:100% 100%;}<\/style><\/div><div class=\"fusion-clearfix\"><\/div><\/div><\/div><div class=\"fusion-layout-column fusion_builder_column fusion-builder-column-1 fusion_builder_column_1_1 1_1 fusion-one-full fusion-column-first fusion-column-last\" style=\"margin-top:100px;margin-bottom:100px;\"><div class=\"fusion-column-wrapper fusion-flex-column-wrapper-legacy\" style=\"background-position:left top;background-repeat:no-repeat;-webkit-background-size:cover;-moz-background-size:cover;-o-background-size:cover;background-size:cover;padding: 0px 0px 0px 0px;\"><div class=\"fusion-text fusion-text-1\" style=\"transform:translate3d(0,0,0);\"><h1 style=\"text-align: center;\"><span style=\"color: #4b4b4d; font-size: 40px;\">CONSULT\u00d3RIOS<\/span><\/h1>\n<p style=\"text-align: center;\"><span style=\"color: #4b4b4d;\"><a style=\"color: #4b4b4d;\" href=\"https:\/\/viviancarvalho.com.br\/en\/\">Home<\/a> | Consult\u00f3rios<\/span><\/p>\n<\/div><div class=\"fusion-clearfix\"><\/div><\/div><\/div><\/div><\/div><div class=\"fusion-fullwidth fullwidth-box fusion-builder-row-2 nonhundred-percent-fullwidth non-hundred-percent-height-scrolling\" style=\"background-color: rgba(255,255,255,0);background-position: center center;background-repeat: no-repeat;padding-top:0px;padding-right:0px;padding-bottom:0px;padding-left:0px;margin-bottom: 50px;margin-top: 50px;border-width: 0px 0px 0px 0px;border-color:#eae9e9;border-style:solid;\" ><div class=\"fusion-builder-row fusion-row\"><div class=\"fusion-layout-column fusion_builder_column fusion-builder-column-2 fusion_builder_column_1_1 1_1 fusion-one-full fusion-column-first fusion-column-last\" style=\"margin-top:0px;margin-bottom:20px;\"><div class=\"fusion-column-wrapper fusion-flex-column-wrapper-legacy\" style=\"background-position:left top;background-repeat:no-repeat;-webkit-background-size:cover;-moz-background-size:cover;-o-background-size:cover;background-size:cover;padding: 0px 0px 0px 0px;\"><div class=\"fusion-text fusion-text-2\" style=\"transform:translate3d(0,0,0);\"><h2>Consult\u00f3rio Ilha do Governador<\/h2>\n<div class=\"fusion-li-item-content\">\n<p>Estrada do Gale\u00e3o, 1035 Loja T &#8211; Rio de Janeiro, RJ\u00a0 |\u00a0 +55 21 3280-8281<\/p>\n<\/div>\n<\/div><style type=\"text\/css\">.fusion-gallery-1 .fusion-gallery-image {border:0px solid #f6f6f6;}<\/style><div class=\"fusion-gallery fusion-gallery-container fusion-grid-4 fusion-columns-total-8 fusion-gallery-layout-grid fusion-gallery-1\" style=\"margin:-12px;\"><div style=\"padding:12.5px;\" class=\"fusion-grid-column fusion-gallery-column fusion-gallery-column-4 hover-type-zoomin\"><div class=\"fusion-gallery-image\"><a href=\"https:\/\/viviancarvalho.com.br\/wp-content\/uploads\/2020\/09\/consultorio-ilha-008.jpg\" rel=\"noreferrer\" data-rel=\"iLightbox[gallery_image_1]\" class=\"fusion-lightbox\" target=\"_self\"><img src=\"https:\/\/viviancarvalho.com.br\/wp-content\/uploads\/2020\/09\/consultorio-ilha-008-320x202.jpg\" width=\"320\" height=\"202\" alt=\"\" title=\"\" aria-label=\"\" class=\"img-responsive wp-image-1319 fusion-gallery-image-size-fixed\" \/><\/a><\/div><\/div><div style=\"padding:12.5px;\" class=\"fusion-grid-column fusion-gallery-column fusion-gallery-column-4 hover-type-zoomin\"><div class=\"fusion-gallery-image\"><a href=\"https:\/\/viviancarvalho.com.br\/wp-content\/uploads\/2020\/09\/consultorio-ilha-007.jpg\" rel=\"noreferrer\" data-rel=\"iLightbox[gallery_image_1]\" class=\"fusion-lightbox\" target=\"_self\"><img src=\"https:\/\/viviancarvalho.com.br\/wp-content\/uploads\/2020\/09\/consultorio-ilha-007-320x202.jpg\" width=\"320\" height=\"202\" alt=\"\" title=\"\" aria-label=\"\" class=\"img-responsive wp-image-1318 fusion-gallery-image-size-fixed\" \/><\/a><\/div><\/div><div style=\"padding:12.5px;\" class=\"fusion-grid-column fusion-gallery-column fusion-gallery-column-4 hover-type-zoomin\"><div class=\"fusion-gallery-image\"><a href=\"https:\/\/viviancarvalho.com.br\/wp-content\/uploads\/2020\/09\/consultorio-ilha-001.jpg\" rel=\"noreferrer\" data-rel=\"iLightbox[gallery_image_1]\" class=\"fusion-lightbox\" target=\"_self\"><img src=\"https:\/\/viviancarvalho.com.br\/wp-content\/uploads\/2020\/09\/consultorio-ilha-001-320x202.jpg\" width=\"320\" height=\"202\" alt=\"\" title=\"\" aria-label=\"\" class=\"img-responsive wp-image-1320 fusion-gallery-image-size-fixed\" \/><\/a><\/div><\/div><div style=\"padding:12.5px;\" class=\"fusion-grid-column fusion-gallery-column fusion-gallery-column-4 hover-type-zoomin\"><div class=\"fusion-gallery-image\"><a href=\"https:\/\/viviancarvalho.com.br\/wp-content\/uploads\/2020\/09\/consultorio-ilha-002.jpg\" rel=\"noreferrer\" data-rel=\"iLightbox[gallery_image_1]\" class=\"fusion-lightbox\" target=\"_self\"><img src=\"https:\/\/viviancarvalho.com.br\/wp-content\/uploads\/2020\/09\/consultorio-ilha-002-320x202.jpg\" width=\"320\" height=\"202\" alt=\"\" title=\"\" aria-label=\"\" class=\"img-responsive wp-image-1321 fusion-gallery-image-size-fixed\" \/><\/a><\/div><\/div><div class=\"clearfix\"><\/div><div style=\"padding:12.5px;\" class=\"fusion-grid-column fusion-gallery-column fusion-gallery-column-4 hover-type-zoomin\"><div class=\"fusion-gallery-image\"><a href=\"https:\/\/viviancarvalho.com.br\/wp-content\/uploads\/2020\/09\/consultorio-ilha-004.jpg\" rel=\"noreferrer\" data-rel=\"iLightbox[gallery_image_1]\" class=\"fusion-lightbox\" target=\"_self\"><img src=\"https:\/\/viviancarvalho.com.br\/wp-content\/uploads\/2020\/09\/consultorio-ilha-004-320x202.jpg\" width=\"320\" height=\"202\" alt=\"\" title=\"\" aria-label=\"\" class=\"img-responsive wp-image-1323 fusion-gallery-image-size-fixed\" \/><\/a><\/div><\/div><div style=\"padding:12.5px;\" class=\"fusion-grid-column fusion-gallery-column fusion-gallery-column-4 hover-type-zoomin\"><div class=\"fusion-gallery-image\"><a href=\"https:\/\/viviancarvalho.com.br\/wp-content\/uploads\/2020\/09\/consultorio-ilha-005.jpg\" rel=\"noreferrer\" data-rel=\"iLightbox[gallery_image_1]\" class=\"fusion-lightbox\" target=\"_self\"><img src=\"https:\/\/viviancarvalho.com.br\/wp-content\/uploads\/2020\/09\/consultorio-ilha-005-320x202.jpg\" width=\"320\" height=\"202\" alt=\"\" title=\"\" aria-label=\"\" class=\"img-responsive wp-image-1324 fusion-gallery-image-size-fixed\" \/><\/a><\/div><\/div><div style=\"padding:12.5px;\" class=\"fusion-grid-column fusion-gallery-column fusion-gallery-column-4 hover-type-zoomin\"><div class=\"fusion-gallery-image\"><a href=\"https:\/\/viviancarvalho.com.br\/wp-content\/uploads\/2020\/09\/consultorio-ilha-006.jpg\" rel=\"noreferrer\" data-rel=\"iLightbox[gallery_image_1]\" class=\"fusion-lightbox\" target=\"_self\"><img src=\"https:\/\/viviancarvalho.com.br\/wp-content\/uploads\/2020\/09\/consultorio-ilha-006-320x202.jpg\" width=\"320\" height=\"202\" alt=\"\" title=\"\" aria-label=\"\" class=\"img-responsive wp-image-1317 fusion-gallery-image-size-fixed\" \/><\/a><\/div><\/div><div style=\"padding:12.5px;\" class=\"fusion-grid-column fusion-gallery-column fusion-gallery-column-4 hover-type-zoomin\"><div class=\"fusion-gallery-image\"><a href=\"https:\/\/viviancarvalho.com.br\/wp-content\/uploads\/2020\/09\/consultorio-ilha-003.jpg\" rel=\"noreferrer\" data-rel=\"iLightbox[gallery_image_1]\" class=\"fusion-lightbox\" target=\"_self\"><img src=\"https:\/\/viviancarvalho.com.br\/wp-content\/uploads\/2020\/09\/consultorio-ilha-003-320x202.jpg\" width=\"320\" height=\"202\" alt=\"\" title=\"\" aria-label=\"\" class=\"img-responsive wp-image-1322 fusion-gallery-image-size-fixed\" \/><\/a><\/div><\/div><div class=\"clearfix\"><\/div><\/div><div class=\"fusion-sep-clear\"><\/div><div class=\"fusion-separator\" style=\"margin-left: auto;margin-right: auto;margin-top:50px;margin-bottom:50px;width:100%;max-width:80%;\"><div class=\"fusion-separator-border sep-single sep-solid\" style=\"border-color:#e0dede;border-top-width:1px;\"><\/div><\/div><div class=\"fusion-sep-clear\"><\/div><div class=\"fusion-text fusion-text-3\" style=\"transform:translate3d(0,0,0);\"><h2>Consult\u00f3rio Ipanema<\/h2>\n<div class=\"fusion-li-item-content\">\n<p>Rua Visconde de Piraj\u00e1, 444 sala: 205 &#8211; Rio de Janeiro, RJ\u00a0 |\u00a0 +55 21 3936-9686<\/p>\n<\/div>\n<\/div><style type=\"text\/css\">.fusion-gallery-2 .fusion-gallery-image {border:0px solid #f6f6f6;}<\/style><div class=\"fusion-gallery fusion-gallery-container fusion-grid-4 fusion-columns-total-8 fusion-gallery-layout-grid fusion-gallery-2\" style=\"margin:-12px;\"><div style=\"padding:12.5px;\" class=\"fusion-grid-column fusion-gallery-column fusion-gallery-column-4 hover-type-zoomin\"><div class=\"fusion-gallery-image\"><a href=\"https:\/\/viviancarvalho.com.br\/wp-content\/uploads\/2019\/11\/ipanema-001.jpg\" rel=\"noreferrer\" data-rel=\"iLightbox[gallery_image_2]\" class=\"fusion-lightbox\" target=\"_self\"><img src=\"https:\/\/viviancarvalho.com.br\/wp-content\/uploads\/2019\/11\/ipanema-001-320x202.jpg\" width=\"320\" height=\"202\" alt=\"\" title=\"ipanema-001\" aria-label=\"ipanema-001\" class=\"img-responsive wp-image-899 fusion-gallery-image-size-fixed\" \/><\/a><\/div><\/div><div style=\"padding:12.5px;\" class=\"fusion-grid-column fusion-gallery-column fusion-gallery-column-4 hover-type-zoomin\"><div class=\"fusion-gallery-image\"><a href=\"https:\/\/viviancarvalho.com.br\/wp-content\/uploads\/2019\/11\/ipanema-002.jpg\" rel=\"noreferrer\" data-rel=\"iLightbox[gallery_image_2]\" class=\"fusion-lightbox\" target=\"_self\"><img src=\"https:\/\/viviancarvalho.com.br\/wp-content\/uploads\/2019\/11\/ipanema-002-320x202.jpg\" width=\"320\" height=\"202\" alt=\"\" title=\"ipanema-002\" aria-label=\"ipanema-002\" class=\"img-responsive wp-image-900 fusion-gallery-image-size-fixed\" \/><\/a><\/div><\/div><div style=\"padding:12.5px;\" class=\"fusion-grid-column fusion-gallery-column fusion-gallery-column-4 hover-type-zoomin\"><div class=\"fusion-gallery-image\"><a href=\"https:\/\/viviancarvalho.com.br\/wp-content\/uploads\/2019\/11\/ipanema-003.jpg\" rel=\"noreferrer\" data-rel=\"iLightbox[gallery_image_2]\" class=\"fusion-lightbox\" target=\"_self\"><img src=\"https:\/\/viviancarvalho.com.br\/wp-content\/uploads\/2019\/11\/ipanema-003-320x202.jpg\" width=\"320\" height=\"202\" alt=\"\" title=\"ipanema-003\" aria-label=\"ipanema-003\" class=\"img-responsive wp-image-901 fusion-gallery-image-size-fixed\" \/><\/a><\/div><\/div><div style=\"padding:12.5px;\" class=\"fusion-grid-column fusion-gallery-column fusion-gallery-column-4 hover-type-zoomin\"><div class=\"fusion-gallery-image\"><a href=\"https:\/\/viviancarvalho.com.br\/wp-content\/uploads\/2019\/11\/ipanema-004.jpg\" rel=\"noreferrer\" data-rel=\"iLightbox[gallery_image_2]\" class=\"fusion-lightbox\" target=\"_self\"><img src=\"https:\/\/viviancarvalho.com.br\/wp-content\/uploads\/2019\/11\/ipanema-004-320x202.jpg\" width=\"320\" height=\"202\" alt=\"\" title=\"ipanema-004\" aria-label=\"ipanema-004\" class=\"img-responsive wp-image-902 fusion-gallery-image-size-fixed\" \/><\/a><\/div><\/div><div class=\"clearfix\"><\/div><div style=\"padding:12.5px;\" class=\"fusion-grid-column fusion-gallery-column fusion-gallery-column-4 hover-type-zoomin\"><div class=\"fusion-gallery-image\"><a href=\"https:\/\/viviancarvalho.com.br\/wp-content\/uploads\/2019\/11\/ipanema-005.jpg\" rel=\"noreferrer\" data-rel=\"iLightbox[gallery_image_2]\" class=\"fusion-lightbox\" target=\"_self\"><img src=\"https:\/\/viviancarvalho.com.br\/wp-content\/uploads\/2019\/11\/ipanema-005-320x202.jpg\" width=\"320\" height=\"202\" alt=\"\" title=\"ipanema-005\" aria-label=\"ipanema-005\" class=\"img-responsive wp-image-903 fusion-gallery-image-size-fixed\" \/><\/a><\/div><\/div><div style=\"padding:12.5px;\" class=\"fusion-grid-column fusion-gallery-column fusion-gallery-column-4 hover-type-zoomin\"><div class=\"fusion-gallery-image\"><a href=\"https:\/\/viviancarvalho.com.br\/wp-content\/uploads\/2019\/11\/ipanema-006.jpg\" rel=\"noreferrer\" data-rel=\"iLightbox[gallery_image_2]\" class=\"fusion-lightbox\" target=\"_self\"><img src=\"https:\/\/viviancarvalho.com.br\/wp-content\/uploads\/2019\/11\/ipanema-006-320x202.jpg\" width=\"320\" height=\"202\" alt=\"\" title=\"ipanema-006\" aria-label=\"ipanema-006\" class=\"img-responsive wp-image-904 fusion-gallery-image-size-fixed\" \/><\/a><\/div><\/div><div style=\"padding:12.5px;\" class=\"fusion-grid-column fusion-gallery-column fusion-gallery-column-4 hover-type-zoomin\"><div class=\"fusion-gallery-image\"><a href=\"https:\/\/viviancarvalho.com.br\/wp-content\/uploads\/2019\/11\/ipanema-007.jpg\" rel=\"noreferrer\" data-rel=\"iLightbox[gallery_image_2]\" class=\"fusion-lightbox\" target=\"_self\"><img src=\"https:\/\/viviancarvalho.com.br\/wp-content\/uploads\/2019\/11\/ipanema-007-320x202.jpg\" width=\"320\" height=\"202\" alt=\"\" title=\"ipanema-007\" aria-label=\"ipanema-007\" class=\"img-responsive wp-image-905 fusion-gallery-image-size-fixed\" \/><\/a><\/div><\/div><div style=\"padding:12.5px;\" class=\"fusion-grid-column fusion-gallery-column fusion-gallery-column-4 hover-type-zoomin\"><div class=\"fusion-gallery-image\"><a href=\"https:\/\/viviancarvalho.com.br\/wp-content\/uploads\/2019\/11\/ipanema-008.jpg\" rel=\"noreferrer\" data-rel=\"iLightbox[gallery_image_2]\" class=\"fusion-lightbox\" target=\"_self\"><img src=\"https:\/\/viviancarvalho.com.br\/wp-content\/uploads\/2019\/11\/ipanema-008-320x202.jpg\" width=\"320\" height=\"202\" alt=\"\" title=\"ipanema-008\" aria-label=\"ipanema-008\" class=\"img-responsive wp-image-906 fusion-gallery-image-size-fixed\" \/><\/a><\/div><\/div><div class=\"clearfix\"><\/div><\/div><div class=\"fusion-clearfix\"><\/div><\/div><\/div><\/div><\/div><\/p>","protected":false},"excerpt":{"rendered":"","protected":false},"author":1,"featured_media":0,"parent":0,"menu_order":0,"comment_status":"closed","ping_status":"closed","template":"100-width.php","meta":[],"yoast_head":"<!-- This site is optimized with the Yoast SEO plugin v19.6.1 - https:\/\/yoast.com\/wordpress\/plugins\/seo\/ -->\n<title>Consult\u00f3rios - Vivian Carvalho<\/title>\n<meta name=\"description\" content=\"Consult\u00f3rio Ilha: Estrada do Gale\u00e3o, 2315 Sala: 303 - Rio de Janeiro, RJ\u00a0 |\u00a0 +55 21 3420-6665. Consult\u00f3rio de Ipanema: Rua Visconde de Piraj\u00e1, 444 sala: 205 - Rio de Janeiro, RJ\u00a0 |\u00a0 +55 21 3936-9686.\" \/>\n<meta name=\"robots\" content=\"index, follow, max-snippet:-1, max-image-preview:large, max-video-preview:-1\" \/>\n<link rel=\"canonical\" href=\"https:\/\/viviancarvalho.com.br\/en\/consultorios\/\" \/>\n<meta property=\"og:locale\" content=\"en_GB\" \/>\n<meta property=\"og:type\" content=\"article\" \/>\n<meta property=\"og:title\" content=\"Consult\u00f3rios - Vivian Carvalho\" \/>\n<meta property=\"og:description\" content=\"Consult\u00f3rio Ilha: Estrada do Gale\u00e3o, 2315 Sala: 303 - Rio de Janeiro, RJ\u00a0 |\u00a0 +55 21 3420-6665. Consult\u00f3rio de Ipanema: Rua Visconde de Piraj\u00e1, 444 sala: 205 - Rio de Janeiro, RJ\u00a0 |\u00a0 +55 21 3936-9686.\" \/>\n<meta property=\"og:url\" content=\"https:\/\/viviancarvalho.com.br\/en\/consultorios\/\" \/>\n<meta property=\"og:site_name\" content=\"Vivian Carvalho\" \/>\n<meta property=\"article:publisher\" content=\"https:\/\/www.facebook.com\/viviancarvalhoorto\" \/>\n<meta property=\"article:modified_time\" content=\"2022-06-28T20:37:45+00:00\" \/>\n<meta name=\"twitter:card\" content=\"summary_large_image\" \/>\n<meta name=\"twitter:label1\" content=\"Estimated reading time\" \/>\n\t<meta name=\"twitter:data1\" content=\"9 minutes\" \/>\n<script type=\"application\/ld+json\" class=\"yoast-schema-graph\">{\"@context\":\"https:\/\/schema.org\",\"@graph\":[{\"@type\":\"WebPage\",\"@id\":\"https:\/\/viviancarvalho.com.br\/consultorios\/\",\"url\":\"https:\/\/viviancarvalho.com.br\/consultorios\/\",\"name\":\"Consult\u00f3rios - Vivian Carvalho\",\"isPartOf\":{\"@id\":\"https:\/\/viviancarvalho.com.br\/#website\"},\"datePublished\":\"2019-10-14T15:27:34+00:00\",\"dateModified\":\"2022-06-28T20:37:45+00:00\",\"description\":\"Consult\u00f3rio Ilha: Estrada do Gale\u00e3o, 2315 Sala: 303 - Rio de Janeiro, RJ\u00a0 |\u00a0 +55 21 3420-6665. Consult\u00f3rio de Ipanema: Rua Visconde de Piraj\u00e1, 444 sala: 205 - Rio de Janeiro, RJ\u00a0 |\u00a0 +55 21 3936-9686.\",\"breadcrumb\":{\"@id\":\"https:\/\/viviancarvalho.com.br\/consultorios\/#breadcrumb\"},\"inLanguage\":\"en-GB\",\"potentialAction\":[{\"@type\":\"ReadAction\",\"target\":[\"https:\/\/viviancarvalho.com.br\/consultorios\/\"]}]},{\"@type\":\"BreadcrumbList\",\"@id\":\"https:\/\/viviancarvalho.com.br\/consultorios\/#breadcrumb\",\"itemListElement\":[{\"@type\":\"ListItem\",\"position\":1,\"name\":\"In\u00edcio\",\"item\":\"https:\/\/viviancarvalho.com.br\/\"},{\"@type\":\"ListItem\",\"position\":2,\"name\":\"Consult\u00f3rios\"}]},{\"@type\":\"WebSite\",\"@id\":\"https:\/\/viviancarvalho.com.br\/#website\",\"url\":\"https:\/\/viviancarvalho.com.br\/\",\"name\":\"Vivian Carvalho\",\"description\":\"Odontopediatria e Ortodontia\",\"publisher\":{\"@id\":\"https:\/\/viviancarvalho.com.br\/#organization\"},\"potentialAction\":[{\"@type\":\"SearchAction\",\"target\":{\"@type\":\"EntryPoint\",\"urlTemplate\":\"https:\/\/viviancarvalho.com.br\/?s={search_term_string}\"},\"query-input\":\"required name=search_term_string\"}],\"inLanguage\":\"en-GB\"},{\"@type\":\"Organization\",\"@id\":\"https:\/\/viviancarvalho.com.br\/#organization\",\"name\":\"Vivian Carvalho\",\"url\":\"https:\/\/viviancarvalho.com.br\/\",\"sameAs\":[\"https:\/\/instagram.com\/viviancarvalhoorto\/\",\"https:\/\/www.facebook.com\/viviancarvalhoorto\"],\"logo\":{\"@type\":\"ImageObject\",\"inLanguage\":\"en-GB\",\"@id\":\"https:\/\/viviancarvalho.com.br\/#\/schema\/logo\/image\/\",\"url\":\"https:\/\/viviancarvalho.com.br\/wp-content\/uploads\/2019\/09\/logo-vivi.jpg\",\"contentUrl\":\"https:\/\/viviancarvalho.com.br\/wp-content\/uploads\/2019\/09\/logo-vivi.jpg\",\"width\":350,\"height\":207,\"caption\":\"Vivian Carvalho\"},\"image\":{\"@id\":\"https:\/\/viviancarvalho.com.br\/#\/schema\/logo\/image\/\"}}]}<\/script>\n<!-- \/ Yoast SEO plugin. -->","yoast_head_json":{"title":"Consult\u00f3rios - Vivian Carvalho","description":"Consult\u00f3rio Ilha: Estrada do Gale\u00e3o, 2315 Sala: 303 - Rio de Janeiro, RJ\u00a0 |\u00a0 +55 21 3420-6665. Consult\u00f3rio de Ipanema: Rua Visconde de Piraj\u00e1, 444 sala: 205 - Rio de Janeiro, RJ\u00a0 |\u00a0 +55 21 3936-9686.","robots":{"index":"index","follow":"follow","max-snippet":"max-snippet:-1","max-image-preview":"max-image-preview:large","max-video-preview":"max-video-preview:-1"},"canonical":"https:\/\/viviancarvalho.com.br\/en\/consultorios\/","og_locale":"en_GB","og_type":"article","og_title":"Consult\u00f3rios - Vivian Carvalho","og_description":"Consult\u00f3rio Ilha: Estrada do Gale\u00e3o, 2315 Sala: 303 - Rio de Janeiro, RJ\u00a0 |\u00a0 +55 21 3420-6665. Consult\u00f3rio de Ipanema: Rua Visconde de Piraj\u00e1, 444 sala: 205 - Rio de Janeiro, RJ\u00a0 |\u00a0 +55 21 3936-9686.","og_url":"https:\/\/viviancarvalho.com.br\/en\/consultorios\/","og_site_name":"Vivian Carvalho","article_publisher":"https:\/\/www.facebook.com\/viviancarvalhoorto","article_modified_time":"2022-06-28T20:37:45+00:00","twitter_card":"summary_large_image","twitter_misc":{"Estimated reading time":"9 minutes"},"schema":{"@context":"https:\/\/schema.org","@graph":[{"@type":"WebPage","@id":"https:\/\/viviancarvalho.com.br\/consultorios\/","url":"https:\/\/viviancarvalho.com.br\/consultorios\/","name":"Consult\u00f3rios - Vivian Carvalho","isPartOf":{"@id":"https:\/\/viviancarvalho.com.br\/#website"},"datePublished":"2019-10-14T15:27:34+00:00","dateModified":"2022-06-28T20:37:45+00:00","description":"Consult\u00f3rio Ilha: Estrada do Gale\u00e3o, 2315 Sala: 303 - Rio de Janeiro, RJ\u00a0 |\u00a0 +55 21 3420-6665. Consult\u00f3rio de Ipanema: Rua Visconde de Piraj\u00e1, 444 sala: 205 - Rio de Janeiro, RJ\u00a0 |\u00a0 +55 21 3936-9686.","breadcrumb":{"@id":"https:\/\/viviancarvalho.com.br\/consultorios\/#breadcrumb"},"inLanguage":"en-GB","potentialAction":[{"@type":"ReadAction","target":["https:\/\/viviancarvalho.com.br\/consultorios\/"]}]},{"@type":"BreadcrumbList","@id":"https:\/\/viviancarvalho.com.br\/consultorios\/#breadcrumb","itemListElement":[{"@type":"ListItem","position":1,"name":"In\u00edcio","item":"https:\/\/viviancarvalho.com.br\/"},{"@type":"ListItem","position":2,"name":"Consult\u00f3rios"}]},{"@type":"WebSite","@id":"https:\/\/viviancarvalho.com.br\/#website","url":"https:\/\/viviancarvalho.com.br\/","name":"Vivian Carvalho","description":"Odontopediatria e Ortodontia","publisher":{"@id":"https:\/\/viviancarvalho.com.br\/#organization"},"potentialAction":[{"@type":"SearchAction","target":{"@type":"EntryPoint","urlTemplate":"https:\/\/viviancarvalho.com.br\/?s={search_term_string}"},"query-input":"required name=search_term_string"}],"inLanguage":"en-GB"},{"@type":"Organization","@id":"https:\/\/viviancarvalho.com.br\/#organization","name":"Vivian Carvalho","url":"https:\/\/viviancarvalho.com.br\/","sameAs":["https:\/\/instagram.com\/viviancarvalhoorto\/","https:\/\/www.facebook.com\/viviancarvalhoorto"],"logo":{"@type":"ImageObject","inLanguage":"en-GB","@id":"https:\/\/viviancarvalho.com.br\/#\/schema\/logo\/image\/","url":"https:\/\/viviancarvalho.com.br\/wp-content\/uploads\/2019\/09\/logo-vivi.jpg","contentUrl":"https:\/\/viviancarvalho.com.br\/wp-content\/uploads\/2019\/09\/logo-vivi.jpg","width":350,"height":207,"caption":"Vivian Carvalho"},"image":{"@id":"https:\/\/viviancarvalho.com.br\/#\/schema\/logo\/image\/"}}]}},"_links":{"self":[{"href":"https:\/\/viviancarvalho.com.br\/en\/wp-json\/wp\/v2\/pages\/716"}],"collection":[{"href":"https:\/\/viviancarvalho.com.br\/en\/wp-json\/wp\/v2\/pages"}],"about":[{"href":"https:\/\/viviancarvalho.com.br\/en\/wp-json\/wp\/v2\/types\/page"}],"author":[{"embeddable":true,"href":"https:\/\/viviancarvalho.com.br\/en\/wp-json\/wp\/v2\/users\/1"}],"replies":[{"embeddable":true,"href":"https:\/\/viviancarvalho.com.br\/en\/wp-json\/wp\/v2\/comments?post=716"}],"version-history":[{"count":13,"href":"https:\/\/viviancarvalho.com.br\/en\/wp-json\/wp\/v2\/pages\/716\/revisions"}],"predecessor-version":[{"id":1747,"href":"https:\/\/viviancarvalho.com.br\/en\/wp-json\/wp\/v2\/pages\/716\/revisions\/1747"}],"wp:attachment":[{"href":"https:\/\/viviancarvalho.com.br\/en\/wp-json\/wp\/v2\/media?parent=716"}],"curies":[{"name":"wp","href":"https:\/\/api.w.org\/{rel}","templated":true}]}}