{"id":835,"date":"2019-10-17T22:26:21","date_gmt":"2019-10-18T01:26:21","guid":{"rendered":"https:\/\/viviancarvalho.com.br\/?page_id=835"},"modified":"2022-06-28T17:41:35","modified_gmt":"2022-06-28T20:41:35","slug":"lente-de-contato","status":"publish","type":"page","link":"https:\/\/viviancarvalho.com.br\/en\/tratamentos\/lente-de-contato\/","title":{"rendered":"Lente de Contato"},"content":{"rendered":"<p><div class=\"fusion-fullwidth fullwidth-box fusion-builder-row-1 fusion-parallax-none hundred-percent-fullwidth non-hundred-percent-height-scrolling\" style=\"background-color: rgba(255,255,255,0);background-image: url(&quot;https:\/\/viviancarvalho.com.br\/wp-content\/uploads\/2022\/06\/topo-lente-de-contato-v2.jpg&quot;);background-position: center center;background-repeat: no-repeat;padding-top:0px;padding-right:0px;padding-bottom:0px;padding-left:0px;margin-bottom: 0px;margin-top: 0px;border-width: 0px 0px 0px 0px;border-color:#eae9e9;border-style:solid;-webkit-background-size:cover;-moz-background-size:cover;-o-background-size:cover;background-size:cover;\" ><div class=\"fusion-builder-row fusion-row\"><div class=\"fusion-layout-column fusion_builder_column fusion-builder-column-0 fusion_builder_column_1_1 1_1 fusion-one-full fusion-column-first fusion-column-last\" style=\"margin-top:0px;margin-bottom:0px;\"><div class=\"fusion-column-wrapper fusion-flex-column-wrapper-legacy\" style=\"background-position:left top;background-repeat:no-repeat;-webkit-background-size:cover;-moz-background-size:cover;-o-background-size:cover;background-size:cover;padding: 0px 0px 0px 0px;\"><div class=\"fusion-section-separator section-separator paint fusion-section-separator-1\" style=\"margin-top:0px;margin-bottom:0px;\"><div class=\"fusion-section-separator-svg\" style=\"margin-left: 0px;margin-right: 0px;\"><div class=\"fusion-paint-candy-sep fusion-section-separator-svg-bg\" style=\"background-image:url( data:image\/svg+xml;base64,PHN2ZyB4bWxucz0iaHR0cDovL3d3dy53My5vcmcvMjAwMC9zdmciIHZlcnNpb249IjEuMSIgd2lkdGg9IjEwMCUiIHZpZXdCb3g9IjAgMCAxODAzIDgwIiBmaWxsPSJub25lIiBwcmVzZXJ2ZUFzcGVjdFJhdGlvPSJub25lIj48cGF0aCBmaWxsLXJ1bGU9ImV2ZW5vZGQiIGNsaXAtcnVsZT0iZXZlbm9kZCIgZD0iTTAgODBIMTgwM1YyNkMxNzg0LjQxIDI1Ljg5OTYgMTc2Mi42OCA5Ljc1NzE4IDE3MzguOTcgOS41NzA5OUMxNjkzLjI2IDcuMDQ3MzQgMTYyNi42NCA1IDE2MjAgNUMxNjEzLjM2IDUgMTYxOC42OSA2LjM4NjI3IDE2MzUuNDMgOC41NzkzOEMxNTE5LjY5IDcuMjYzMjEgMTM5Ni4zNSA1LjEwNjIzIDEzNTcuOCAyLjAwMDA1QzEyODMuMzMgLTMuOTk5OTUgNjI4Ljk5IDExLjAwMDEgNjEzLjE0NyAxOS4wMDAxQzYxMS4wOTIgMjAuMDM3NCA1OTguNDgxIDE5LjczNDcgNTgxLjc1IDE5LjMzM0M1NjUuNjk4IDE4Ljk0NzcgNTQ1Ljg1NiAxOC40NzE0IDUyNy45MDUgMTkuMDAwMUM0ODQuMjI5IDE3LjQzNTcgMzQzLjMzMiAyNi43IDMzOSAyNy41QzMzNS44OTMgMjguMDczOSAzNTQuNTgzIDI4LjU0MDIgMzc5LjcyMiAyOS4xNjc0QzM4OS42MjUgMjkuNDE0NSA0MDAuNTI5IDI5LjY4NjYgNDExLjQ5NSAzMEMzMDAuMTEyIDMyLjMzNDEgMjMzLjkyMiAyNS4yMTQ5IDIwNC4zODIgMTkuMDAwMUMxNzAuMTYgMTEuODAwMSA1My44NjgyIDE5LjMzMzQgMCAyNi4wMDAxVjgwWk05MzEuOTMyIDE1Qzk4Ni42MzEgMTEuNzgxOCAxMTA1LjgyIDYuMDEzNzMgMTE0NC45NyA4LjY4NzMzQzExNTguMDIgOS41NzgwNCAxMTQ4LjQyIDkuNjgyOTcgMTEyNi41OCA5LjkyMTYxQzExMTMuNTIgMTAuMDY0NCAxMDk2LjA5IDEwLjI1NSAxMDc2LjUgMTAuNjkwMkMxMDU2LjI3IDExLjEzOTcgMTAzMy43NSAxMS45Mzg4IDEwMTEuNCAxMi43MzIxQzk4Mi45NjIgMTMuNzQxMSA5NTQuNzkxIDE0Ljc0MDggOTMxLjkzMiAxNVoiIGZpbGw9IiM0YjRiNGQiLz48L3N2Zz4= );height:80px;transform: rotateX(180deg);\"><\/div><\/div><div class=\"fusion-section-separator-spacer\"><div class=\"fusion-section-separator-spacer-height\" style=\"height:80px;\"><\/div><\/div><style type=\"text\/css\">.fusion-section-separator.fusion-section-separator-1 .fusion-section-separator-svg-bg{background-size:100% 100%;}<\/style><\/div><div class=\"fusion-clearfix\"><\/div><\/div><\/div><div class=\"fusion-layout-column fusion_builder_column fusion-builder-column-1 fusion_builder_column_1_1 1_1 fusion-one-full fusion-column-first fusion-column-last\" style=\"margin-top:100px;margin-bottom:100px;\"><div class=\"fusion-column-wrapper fusion-flex-column-wrapper-legacy\" style=\"background-position:left top;background-repeat:no-repeat;-webkit-background-size:cover;-moz-background-size:cover;-o-background-size:cover;background-size:cover;padding: 0px 0px 0px 0px;\"><div class=\"fusion-text fusion-text-1\" style=\"transform:translate3d(0,0,0);\"><h1 style=\"text-align: center;\"><span style=\"color: #4b4b4d; font-size: 40px;\">LENTE DE CONTATO<\/span><\/h1>\n<p style=\"text-align: center;\"><span style=\"color: #4b4b4d;\"><a style=\"color: #4b4b4d;\" href=\"https:\/\/viviancarvalho.com.br\/en\/\">Home<\/a> | <a style=\"color: #4b4b4d;\" href=\"https:\/\/viviancarvalho.com.br\/en\/tratamentos\/\">Tratamentos<\/a> | Lente de Contato<\/span><\/p>\n<\/div><div class=\"fusion-clearfix\"><\/div><\/div><\/div><\/div><\/div><div class=\"fusion-fullwidth fullwidth-box fusion-builder-row-2 nonhundred-percent-fullwidth non-hundred-percent-height-scrolling\" style=\"background-color: rgba(255,255,255,0);background-position: center center;background-repeat: no-repeat;padding-top:0px;padding-right:0px;padding-bottom:0px;padding-left:0px;margin-bottom: 50px;margin-top: 50px;border-width: 0px 0px 0px 0px;border-color:#eae9e9;border-style:solid;\" ><div class=\"fusion-builder-row fusion-row\"><div class=\"fusion-layout-column fusion_builder_column fusion-builder-column-2 fusion_builder_column_1_2 1_2 fusion-one-half fusion-column-first\" style=\"width:50%;width:calc(50% - ( ( 4% ) * 0.5 ) );margin-right: 4%;margin-top:0px;margin-bottom:20px;\"><div class=\"fusion-column-wrapper fusion-flex-column-wrapper-legacy\" style=\"background-position:left top;background-repeat:no-repeat;-webkit-background-size:cover;-moz-background-size:cover;-o-background-size:cover;background-size:cover;padding: 0px 0px 0px 0px;\"><div class=\"fusion-text fusion-text-2\" style=\"transform:translate3d(0,0,0);\"><p><strong>Transforme seu sorriso!<\/strong><\/p>\n<p>Tratamentos inovadores em odontologia est\u00e9tica permitem que voc\u00ea conquiste o sorriso dos sonhos em pouco tempo. As corre\u00e7\u00f5es s\u00e3o personalizadas, podendo envolver poucos dentes ou a boca toda, sempre buscando naturalidade e leveza. Essa \u00e9 a fun\u00e7\u00e3o da <strong>odontologia est\u00e9tica<\/strong>, por que o sorriso \u00e9 a mais importante express\u00e3o de felicidade.<\/p>\n<p>As <strong>facetas e lentes de contato dentais<\/strong> s\u00e3o finas l\u00e2minas de porcelana, fixadas na frente dos dentes, que modificam totalmente a cor, formato, tamanho e posi\u00e7\u00e3o dos dentes prejudicados. As corre\u00e7\u00f5es s\u00e3o personalizadas, podendo envolver poucos dentes ou a boca toda, sempre buscando naturalidade e leveza.<\/p>\n<p>Indica\u00e7\u00f5es:<\/p>\n<\/div><ul class=\"fusion-checklist fusion-checklist-1\" style=\"font-size:16px;line-height:27.2px;\"><li class=\"fusion-li-item\"><span style=\"height:27.2px;width:27.2px;margin-right:11.2px;\" class=\"icon-wrapper circle-no\"><i class=\"fusion-li-icon fa fa-check\" style=\"color:#ceab67;\" aria-hidden=\"true\"><\/i><\/span><div class=\"fusion-li-item-content\" style=\"margin-left:38.4px;\">\n<p class=\"Padro\" style=\"margin-left: 11.0pt;\"><strong><span lang=\"EN-US\" style=\"background: white;\">Fechamento de espa\u00e7os;<\/span><\/strong><\/p>\n<\/div><\/li><li class=\"fusion-li-item\"><span style=\"height:27.2px;width:27.2px;margin-right:11.2px;\" class=\"icon-wrapper circle-no\"><i class=\"fusion-li-icon fa fa-check\" style=\"color:#ceab67;\" aria-hidden=\"true\"><\/i><\/span><div class=\"fusion-li-item-content\" style=\"margin-left:38.4px;\">\n<p class=\"Padro\" style=\"margin-left: 11.0pt;\"><strong><span lang=\"EN-US\" style=\"background: white;\">Aumento do comprimento dos dentes;<\/span><\/strong><\/p>\n<\/div><\/li><li class=\"fusion-li-item\"><span style=\"height:27.2px;width:27.2px;margin-right:11.2px;\" class=\"icon-wrapper circle-no\"><i class=\"fusion-li-icon fa fa-check\" style=\"color:#ceab67;\" aria-hidden=\"true\"><\/i><\/span><div class=\"fusion-li-item-content\" style=\"margin-left:38.4px;\">\n<p class=\"Padro\" style=\"margin-left: 11.0pt;\"><strong><span lang=\"EN-US\" style=\"background: white;\">Aumento de largura;<\/span><\/strong><\/p>\n<\/div><\/li><li class=\"fusion-li-item\"><span style=\"height:27.2px;width:27.2px;margin-right:11.2px;\" class=\"icon-wrapper circle-no\"><i class=\"fusion-li-icon fa fa-check\" style=\"color:#ceab67;\" aria-hidden=\"true\"><\/i><\/span><div class=\"fusion-li-item-content\" style=\"margin-left:38.4px;\">\n<p class=\"Padro\" style=\"margin-left: 11.0pt;\"><strong><span lang=\"EN-US\" style=\"background: white;\">Dentes desgastados;<\/span><\/strong><\/p>\n<\/div><\/li><li class=\"fusion-li-item\"><span style=\"height:27.2px;width:27.2px;margin-right:11.2px;\" class=\"icon-wrapper circle-no\"><i class=\"fusion-li-icon fa fa-check\" style=\"color:#ceab67;\" aria-hidden=\"true\"><\/i><\/span><div class=\"fusion-li-item-content\" style=\"margin-left:38.4px;\">\n<p class=\"Padro\" style=\"margin-left: 11.0pt;\"><strong><span lang=\"EN-US\" style=\"background: white;\">Dentes lascados ou quebrados;<\/span><\/strong><\/p>\n<\/div><\/li><li class=\"fusion-li-item\"><span style=\"height:27.2px;width:27.2px;margin-right:11.2px;\" class=\"icon-wrapper circle-no\"><i class=\"fusion-li-icon fa fa-check\" style=\"color:#ceab67;\" aria-hidden=\"true\"><\/i><\/span><div class=\"fusion-li-item-content\" style=\"margin-left:38.4px;\">\n<p class=\"Padro\" style=\"margin-left: 11.0pt;\"><strong><span lang=\"EN-US\" style=\"background: white;\">Altera\u00e7\u00f5es e corre\u00e7\u00f5es suaves de cor. <\/span><\/strong><\/p>\n<\/div><\/li><\/ul><div class=\"fusion-clearfix\"><\/div><\/div><\/div><div class=\"fusion-layout-column fusion_builder_column fusion-builder-column-3 fusion_builder_column_1_2 1_2 fusion-one-half fusion-column-last\" style=\"width:50%;width:calc(50% - ( ( 4% ) * 0.5 ) );margin-top:0px;margin-bottom:20px;\"><div class=\"fusion-column-wrapper fusion-flex-column-wrapper-legacy\" style=\"background-position:left top;background-repeat:no-repeat;-webkit-background-size:cover;-moz-background-size:cover;-o-background-size:cover;background-size:cover;padding: 0px 0px 0px 0px;\"><span class=\"fusion-imageframe imageframe-none imageframe-1 hover-type-none\" style=\"border-radius:15px;\"><a href=\"https:\/\/viviancarvalho.com.br\/wp-content\/uploads\/2020\/03\/foto-007.jpg\" class=\"fusion-lightbox\" data-rel=\"iLightbox[978d3fcaafa9b7bf468]\"><img width=\"1000\" height=\"667\" src=\"https:\/\/viviancarvalho.com.br\/wp-content\/uploads\/2020\/03\/foto-007.jpg\" class=\"img-responsive wp-image-1085\" srcset=\"https:\/\/viviancarvalho.com.br\/wp-content\/uploads\/2020\/03\/foto-007-200x133.jpg 200w, https:\/\/viviancarvalho.com.br\/wp-content\/uploads\/2020\/03\/foto-007-400x267.jpg 400w, https:\/\/viviancarvalho.com.br\/wp-content\/uploads\/2020\/03\/foto-007-600x400.jpg 600w, https:\/\/viviancarvalho.com.br\/wp-content\/uploads\/2020\/03\/foto-007-800x534.jpg 800w, https:\/\/viviancarvalho.com.br\/wp-content\/uploads\/2020\/03\/foto-007.jpg 1000w\" sizes=\"(max-width: 800px) 100vw, 600px\" \/><\/a><\/span><div class=\"fusion-clearfix\"><\/div><\/div><\/div><\/div><\/div><\/p>","protected":false},"excerpt":{"rendered":"","protected":false},"author":1,"featured_media":0,"parent":678,"menu_order":0,"comment_status":"closed","ping_status":"closed","template":"100-width.php","meta":[],"yoast_head":"<!-- This site is optimized with the Yoast SEO plugin v19.6.1 - https:\/\/yoast.com\/wordpress\/plugins\/seo\/ -->\n<title>Lente de Contato - Vivian Carvalho<\/title>\n<meta name=\"description\" content=\"As facetas e lentes de contato dentais s\u00e3o finas l\u00e2minas de porcelana, fixadas na frente dos dentes, feitas com desgaste dental m\u00ednimo ou, em alguns casos, nenhum desgaste e que modificam totalmente a cor, formato, tamanho e posi\u00e7\u00e3o dos dentes prejudicados.\" \/>\n<meta name=\"robots\" content=\"index, follow, max-snippet:-1, max-image-preview:large, max-video-preview:-1\" \/>\n<link rel=\"canonical\" href=\"https:\/\/viviancarvalho.com.br\/en\/tratamentos\/lente-de-contato\/\" \/>\n<meta property=\"og:locale\" content=\"en_GB\" \/>\n<meta property=\"og:type\" content=\"article\" \/>\n<meta property=\"og:title\" content=\"Lente de Contato - Vivian Carvalho\" \/>\n<meta property=\"og:description\" content=\"As facetas e lentes de contato dentais s\u00e3o finas l\u00e2minas de porcelana, fixadas na frente dos dentes, feitas com desgaste dental m\u00ednimo ou, em alguns casos, nenhum desgaste e que modificam totalmente a cor, formato, tamanho e posi\u00e7\u00e3o dos dentes prejudicados.\" \/>\n<meta property=\"og:url\" content=\"https:\/\/viviancarvalho.com.br\/en\/tratamentos\/lente-de-contato\/\" \/>\n<meta property=\"og:site_name\" content=\"Vivian Carvalho\" \/>\n<meta property=\"article:publisher\" content=\"https:\/\/www.facebook.com\/viviancarvalhoorto\" \/>\n<meta property=\"article:modified_time\" content=\"2022-06-28T20:41:35+00:00\" \/>\n<meta name=\"twitter:card\" content=\"summary_large_image\" \/>\n<meta name=\"twitter:label1\" content=\"Estimated reading time\" \/>\n\t<meta name=\"twitter:data1\" content=\"9 minutes\" \/>\n<script type=\"application\/ld+json\" class=\"yoast-schema-graph\">{\"@context\":\"https:\/\/schema.org\",\"@graph\":[{\"@type\":\"WebPage\",\"@id\":\"https:\/\/viviancarvalho.com.br\/tratamentos\/lente-de-contato\/\",\"url\":\"https:\/\/viviancarvalho.com.br\/tratamentos\/lente-de-contato\/\",\"name\":\"Lente de Contato - Vivian Carvalho\",\"isPartOf\":{\"@id\":\"https:\/\/viviancarvalho.com.br\/#website\"},\"datePublished\":\"2019-10-18T01:26:21+00:00\",\"dateModified\":\"2022-06-28T20:41:35+00:00\",\"description\":\"As facetas e lentes de contato dentais s\u00e3o finas l\u00e2minas de porcelana, fixadas na frente dos dentes, feitas com desgaste dental m\u00ednimo ou, em alguns casos, nenhum desgaste e que modificam totalmente a cor, formato, tamanho e posi\u00e7\u00e3o dos dentes prejudicados.\",\"breadcrumb\":{\"@id\":\"https:\/\/viviancarvalho.com.br\/tratamentos\/lente-de-contato\/#breadcrumb\"},\"inLanguage\":\"en-GB\",\"potentialAction\":[{\"@type\":\"ReadAction\",\"target\":[\"https:\/\/viviancarvalho.com.br\/tratamentos\/lente-de-contato\/\"]}]},{\"@type\":\"BreadcrumbList\",\"@id\":\"https:\/\/viviancarvalho.com.br\/tratamentos\/lente-de-contato\/#breadcrumb\",\"itemListElement\":[{\"@type\":\"ListItem\",\"position\":1,\"name\":\"In\u00edcio\",\"item\":\"https:\/\/viviancarvalho.com.br\/\"},{\"@type\":\"ListItem\",\"position\":2,\"name\":\"Tratamentos\",\"item\":\"https:\/\/viviancarvalho.com.br\/tratamentos\/\"},{\"@type\":\"ListItem\",\"position\":3,\"name\":\"Lente de Contato\"}]},{\"@type\":\"WebSite\",\"@id\":\"https:\/\/viviancarvalho.com.br\/#website\",\"url\":\"https:\/\/viviancarvalho.com.br\/\",\"name\":\"Vivian Carvalho\",\"description\":\"Odontopediatria e Ortodontia\",\"publisher\":{\"@id\":\"https:\/\/viviancarvalho.com.br\/#organization\"},\"potentialAction\":[{\"@type\":\"SearchAction\",\"target\":{\"@type\":\"EntryPoint\",\"urlTemplate\":\"https:\/\/viviancarvalho.com.br\/?s={search_term_string}\"},\"query-input\":\"required name=search_term_string\"}],\"inLanguage\":\"en-GB\"},{\"@type\":\"Organization\",\"@id\":\"https:\/\/viviancarvalho.com.br\/#organization\",\"name\":\"Vivian Carvalho\",\"url\":\"https:\/\/viviancarvalho.com.br\/\",\"sameAs\":[\"https:\/\/instagram.com\/viviancarvalhoorto\/\",\"https:\/\/www.facebook.com\/viviancarvalhoorto\"],\"logo\":{\"@type\":\"ImageObject\",\"inLanguage\":\"en-GB\",\"@id\":\"https:\/\/viviancarvalho.com.br\/#\/schema\/logo\/image\/\",\"url\":\"https:\/\/viviancarvalho.com.br\/wp-content\/uploads\/2019\/09\/logo-vivi.jpg\",\"contentUrl\":\"https:\/\/viviancarvalho.com.br\/wp-content\/uploads\/2019\/09\/logo-vivi.jpg\",\"width\":350,\"height\":207,\"caption\":\"Vivian Carvalho\"},\"image\":{\"@id\":\"https:\/\/viviancarvalho.com.br\/#\/schema\/logo\/image\/\"}}]}<\/script>\n<!-- \/ Yoast SEO plugin. -->","yoast_head_json":{"title":"Lente de Contato - Vivian Carvalho","description":"As facetas e lentes de contato dentais s\u00e3o finas l\u00e2minas de porcelana, fixadas na frente dos dentes, feitas com desgaste dental m\u00ednimo ou, em alguns casos, nenhum desgaste e que modificam totalmente a cor, formato, tamanho e posi\u00e7\u00e3o dos dentes prejudicados.","robots":{"index":"index","follow":"follow","max-snippet":"max-snippet:-1","max-image-preview":"max-image-preview:large","max-video-preview":"max-video-preview:-1"},"canonical":"https:\/\/viviancarvalho.com.br\/en\/tratamentos\/lente-de-contato\/","og_locale":"en_GB","og_type":"article","og_title":"Lente de Contato - Vivian Carvalho","og_description":"As facetas e lentes de contato dentais s\u00e3o finas l\u00e2minas de porcelana, fixadas na frente dos dentes, feitas com desgaste dental m\u00ednimo ou, em alguns casos, nenhum desgaste e que modificam totalmente a cor, formato, tamanho e posi\u00e7\u00e3o dos dentes prejudicados.","og_url":"https:\/\/viviancarvalho.com.br\/en\/tratamentos\/lente-de-contato\/","og_site_name":"Vivian Carvalho","article_publisher":"https:\/\/www.facebook.com\/viviancarvalhoorto","article_modified_time":"2022-06-28T20:41:35+00:00","twitter_card":"summary_large_image","twitter_misc":{"Estimated reading time":"9 minutes"},"schema":{"@context":"https:\/\/schema.org","@graph":[{"@type":"WebPage","@id":"https:\/\/viviancarvalho.com.br\/tratamentos\/lente-de-contato\/","url":"https:\/\/viviancarvalho.com.br\/tratamentos\/lente-de-contato\/","name":"Lente de Contato - Vivian Carvalho","isPartOf":{"@id":"https:\/\/viviancarvalho.com.br\/#website"},"datePublished":"2019-10-18T01:26:21+00:00","dateModified":"2022-06-28T20:41:35+00:00","description":"As facetas e lentes de contato dentais s\u00e3o finas l\u00e2minas de porcelana, fixadas na frente dos dentes, feitas com desgaste dental m\u00ednimo ou, em alguns casos, nenhum desgaste e que modificam totalmente a cor, formato, tamanho e posi\u00e7\u00e3o dos dentes prejudicados.","breadcrumb":{"@id":"https:\/\/viviancarvalho.com.br\/tratamentos\/lente-de-contato\/#breadcrumb"},"inLanguage":"en-GB","potentialAction":[{"@type":"ReadAction","target":["https:\/\/viviancarvalho.com.br\/tratamentos\/lente-de-contato\/"]}]},{"@type":"BreadcrumbList","@id":"https:\/\/viviancarvalho.com.br\/tratamentos\/lente-de-contato\/#breadcrumb","itemListElement":[{"@type":"ListItem","position":1,"name":"In\u00edcio","item":"https:\/\/viviancarvalho.com.br\/"},{"@type":"ListItem","position":2,"name":"Tratamentos","item":"https:\/\/viviancarvalho.com.br\/tratamentos\/"},{"@type":"ListItem","position":3,"name":"Lente de Contato"}]},{"@type":"WebSite","@id":"https:\/\/viviancarvalho.com.br\/#website","url":"https:\/\/viviancarvalho.com.br\/","name":"Vivian Carvalho","description":"Odontopediatria e Ortodontia","publisher":{"@id":"https:\/\/viviancarvalho.com.br\/#organization"},"potentialAction":[{"@type":"SearchAction","target":{"@type":"EntryPoint","urlTemplate":"https:\/\/viviancarvalho.com.br\/?s={search_term_string}"},"query-input":"required name=search_term_string"}],"inLanguage":"en-GB"},{"@type":"Organization","@id":"https:\/\/viviancarvalho.com.br\/#organization","name":"Vivian Carvalho","url":"https:\/\/viviancarvalho.com.br\/","sameAs":["https:\/\/instagram.com\/viviancarvalhoorto\/","https:\/\/www.facebook.com\/viviancarvalhoorto"],"logo":{"@type":"ImageObject","inLanguage":"en-GB","@id":"https:\/\/viviancarvalho.com.br\/#\/schema\/logo\/image\/","url":"https:\/\/viviancarvalho.com.br\/wp-content\/uploads\/2019\/09\/logo-vivi.jpg","contentUrl":"https:\/\/viviancarvalho.com.br\/wp-content\/uploads\/2019\/09\/logo-vivi.jpg","width":350,"height":207,"caption":"Vivian Carvalho"},"image":{"@id":"https:\/\/viviancarvalho.com.br\/#\/schema\/logo\/image\/"}}]}},"_links":{"self":[{"href":"https:\/\/viviancarvalho.com.br\/en\/wp-json\/wp\/v2\/pages\/835"}],"collection":[{"href":"https:\/\/viviancarvalho.com.br\/en\/wp-json\/wp\/v2\/pages"}],"about":[{"href":"https:\/\/viviancarvalho.com.br\/en\/wp-json\/wp\/v2\/types\/page"}],"author":[{"embeddable":true,"href":"https:\/\/viviancarvalho.com.br\/en\/wp-json\/wp\/v2\/users\/1"}],"replies":[{"embeddable":true,"href":"https:\/\/viviancarvalho.com.br\/en\/wp-json\/wp\/v2\/comments?post=835"}],"version-history":[{"count":8,"href":"https:\/\/viviancarvalho.com.br\/en\/wp-json\/wp\/v2\/pages\/835\/revisions"}],"predecessor-version":[{"id":1754,"href":"https:\/\/viviancarvalho.com.br\/en\/wp-json\/wp\/v2\/pages\/835\/revisions\/1754"}],"up":[{"embeddable":true,"href":"https:\/\/viviancarvalho.com.br\/en\/wp-json\/wp\/v2\/pages\/678"}],"wp:attachment":[{"href":"https:\/\/viviancarvalho.com.br\/en\/wp-json\/wp\/v2\/media?parent=835"}],"curies":[{"name":"wp","href":"https:\/\/api.w.org\/{rel}","templated":true}]}}